{"id":481,"date":"2023-07-22T11:31:29","date_gmt":"2023-07-22T09:31:29","guid":{"rendered":"https:\/\/www.etam31.com\/?page_id=481"},"modified":"2025-12-31T09:24:41","modified_gmt":"2025-12-31T08:24:41","slug":"les-professeurs","status":"publish","type":"page","link":"https:\/\/www.etam31.com\/index.php\/les-professeurs\/","title":{"rendered":"Les Professeurs"},"content":{"rendered":"\n<p>Nos pratiquants et enseignants perp\u00e9tuent l&#8217;enseignement martial depuis 1962:<\/p>\n\n\n\n<p class=\"has-text-align-left\"><mark style=\"background-color:rgba(0, 0, 0, 0)\" class=\"has-inline-color has-vivid-green-cyan-color\">Notre directeur Technique:<\/mark><\/p>\n\n\n\n<div class=\"wp-block-media-text alignwide is-stacked-on-mobile\" style=\"grid-template-columns:30% auto\"><figure class=\"wp-block-media-text__media\"><img loading=\"lazy\" decoding=\"async\" width=\"469\" height=\"648\" src=\"https:\/\/www.etam31.com\/wp-content\/uploads\/2023\/03\/directeur-technique.jpg\" alt=\"\" class=\"wp-image-123 size-full\" srcset=\"https:\/\/www.etam31.com\/wp-content\/uploads\/2023\/03\/directeur-technique.jpg 469w, https:\/\/www.etam31.com\/wp-content\/uploads\/2023\/03\/directeur-technique-217x300.jpg 217w\" sizes=\"auto, (max-width: 469px) 100vw, 469px\" \/><\/figure><div class=\"wp-block-media-text__content\">\n<p>Bernard Martin &#8211; Directeur Technique<\/p>\n\n\n\n<p>4eme DAN Judo\/Ju-jitsu<\/p>\n\n\n\n<p>Dipl\u00f4me &#8211; Brevet d&#8217;Etat (BE)<\/p>\n\n\n\n<p><\/p>\n<\/div><\/div>\n\n\n\n<p>Bernard Martin est notre directeur technique, il a lui m\u00eame assur\u00e9 les cours de Judo et Jujitsu pendant de nombreuses ann\u00e9es au club. Il est aujourd&#8217;hui le garant de notre s\u00e9rieux technique.<\/p>\n\n\n\n<p><mark style=\"background-color:rgba(0, 0, 0, 0)\" class=\"has-inline-color has-vivid-green-cyan-color\">Nos responsables de section:<\/mark><\/p>\n\n\n\n<p>Nos responsables techniques sont les professeurs qui assurent le contenu p\u00e9dagogique de nos disciplines, ils sont les professeurs r\u00e9f\u00e9rents et principaux de chacune de nos disciplines.<\/p>\n\n\n\n<div class=\"wp-block-media-text is-stacked-on-mobile\" style=\"grid-template-columns:30% auto\"><figure class=\"wp-block-media-text__media\"><img loading=\"lazy\" decoding=\"async\" width=\"1200\" height=\"1600\" src=\"https:\/\/www.etam31.com\/wp-content\/uploads\/2023\/07\/serge_savagnac.jpg\" alt=\"Serge Savagnac\" class=\"wp-image-484 size-full\" srcset=\"https:\/\/www.etam31.com\/wp-content\/uploads\/2023\/07\/serge_savagnac.jpg 1200w, https:\/\/www.etam31.com\/wp-content\/uploads\/2023\/07\/serge_savagnac-225x300.jpg 225w, https:\/\/www.etam31.com\/wp-content\/uploads\/2023\/07\/serge_savagnac-768x1024.jpg 768w, https:\/\/www.etam31.com\/wp-content\/uploads\/2023\/07\/serge_savagnac-1152x1536.jpg 1152w, https:\/\/www.etam31.com\/wp-content\/uploads\/2023\/07\/serge_savagnac-96x128.jpg 96w, https:\/\/www.etam31.com\/wp-content\/uploads\/2023\/07\/serge_savagnac-24x32.jpg 24w\" sizes=\"auto, (max-width: 1200px) 100vw, 1200px\" \/><\/figure><div class=\"wp-block-media-text__content\">\n<p>Serge Savagnac &#8211; Responsable Section Kyusho Defense<\/p>\n\n\n\n<ul class=\"wp-block-list\">\n<li>2eme DAN Judo\/Ju-jitsu<\/li>\n\n\n\n<li>2eme DAN Kyusho Jitsu KJA<\/li>\n\n\n\n<li>1er DAN Kia\u00ef Jitsu KJA<\/li>\n\n\n\n<li>Training Instructor : Niveau 9 Kyusho International<\/li>\n\n\n\n<li>1er DAN Karate Yoseikan Budo<\/li>\n\n\n\n<li>Renshi Toreikan Budo<\/li>\n<\/ul>\n\n\n\n<p>Dipl\u00f4me &#8211; Brevet D&#8217;Etat (BE) \/ Dipl\u00f4me d&#8217;Instructeur F\u00e9d\u00e9ral Yoseikan Budo (DIF)<\/p>\n<\/div><\/div>\n\n\n\n<p><\/p>\n\n\n\n<div class=\"wp-block-media-text is-stacked-on-mobile\" style=\"grid-template-columns:30% auto\"><figure class=\"wp-block-media-text__media\"><img loading=\"lazy\" decoding=\"async\" width=\"887\" height=\"1024\" src=\"https:\/\/www.etam31.com\/wp-content\/uploads\/2024\/04\/raphael_arilla-887x1024.jpg\" alt=\"\" class=\"wp-image-686 size-full\" srcset=\"https:\/\/www.etam31.com\/wp-content\/uploads\/2024\/04\/raphael_arilla-887x1024.jpg 887w, https:\/\/www.etam31.com\/wp-content\/uploads\/2024\/04\/raphael_arilla-260x300.jpg 260w, https:\/\/www.etam31.com\/wp-content\/uploads\/2024\/04\/raphael_arilla-768x886.jpg 768w, https:\/\/www.etam31.com\/wp-content\/uploads\/2024\/04\/raphael_arilla-1331x1536.jpg 1331w, https:\/\/www.etam31.com\/wp-content\/uploads\/2024\/04\/raphael_arilla-111x128.jpg 111w, https:\/\/www.etam31.com\/wp-content\/uploads\/2024\/04\/raphael_arilla-28x32.jpg 28w, https:\/\/www.etam31.com\/wp-content\/uploads\/2024\/04\/raphael_arilla.jpg 1650w\" sizes=\"auto, (max-width: 887px) 100vw, 887px\" \/><\/figure><div class=\"wp-block-media-text__content\">\n<p>Rapha\u00ebl Arilla &#8211; Responsable Section A\u00efkido<\/p>\n\n\n\n<p>7eme Dan ACAE<\/p>\n\n\n\n<p>Dipl\u00f4me &#8211; Brevet F\u00e9d\u00e9ral (BF)<\/p>\n<\/div><\/div>\n\n\n\n<p><\/p>\n\n\n\n<div class=\"wp-block-media-text is-stacked-on-mobile\" style=\"grid-template-columns:30% auto\"><figure class=\"wp-block-media-text__media\"><img loading=\"lazy\" decoding=\"async\" width=\"768\" height=\"1024\" src=\"https:\/\/www.etam31.com\/wp-content\/uploads\/2023\/07\/angela_talbot-scaled-768x1024.jpg\" alt=\"\" class=\"wp-image-489 size-full\" srcset=\"https:\/\/www.etam31.com\/wp-content\/uploads\/2023\/07\/angela_talbot-768x1024.jpg 768w, https:\/\/www.etam31.com\/wp-content\/uploads\/2023\/07\/angela_talbot-scaled-225x300.jpg 225w, https:\/\/www.etam31.com\/wp-content\/uploads\/2023\/07\/angela_talbot-scaled-1152x1536.jpg 1152w, https:\/\/www.etam31.com\/wp-content\/uploads\/2023\/07\/angela_talbot-scaled-1536x2048.jpg 1536w, https:\/\/www.etam31.com\/wp-content\/uploads\/2023\/07\/angela_talbot-scaled-96x128.jpg 96w, https:\/\/www.etam31.com\/wp-content\/uploads\/2023\/07\/angela_talbot-scaled-24x32.jpg 24w, https:\/\/www.etam31.com\/wp-content\/uploads\/2023\/07\/angela_talbot-scaled.jpg 1920w\" sizes=\"auto, (max-width: 768px) 100vw, 768px\" \/><\/figure><div class=\"wp-block-media-text__content\">\n<p>Angela Talbot &#8211; Responsable Section Judo<\/p>\n\n\n\n<p>5eme DAN Judo\/Jujitsu<\/p>\n\n\n\n<p>Dipl\u00f4me &#8211; Brevet d&#8217;Etat (BE)<\/p>\n<\/div><\/div>\n\n\n\n<p><\/p>\n\n\n\n<div class=\"wp-block-media-text is-stacked-on-mobile\" style=\"grid-template-columns:30% auto\"><figure class=\"wp-block-media-text__media\"><img loading=\"lazy\" decoding=\"async\" width=\"768\" height=\"1024\" src=\"https:\/\/www.etam31.com\/wp-content\/uploads\/2023\/07\/alain_lapedagne-scaled-768x1024.jpg\" alt=\"\" class=\"wp-image-488 size-full\" srcset=\"https:\/\/www.etam31.com\/wp-content\/uploads\/2023\/07\/alain_lapedagne-768x1024.jpg 768w, https:\/\/www.etam31.com\/wp-content\/uploads\/2023\/07\/alain_lapedagne-scaled-225x300.jpg 225w, https:\/\/www.etam31.com\/wp-content\/uploads\/2023\/07\/alain_lapedagne-scaled-1152x1536.jpg 1152w, https:\/\/www.etam31.com\/wp-content\/uploads\/2023\/07\/alain_lapedagne-scaled-1536x2048.jpg 1536w, https:\/\/www.etam31.com\/wp-content\/uploads\/2023\/07\/alain_lapedagne-scaled-96x128.jpg 96w, https:\/\/www.etam31.com\/wp-content\/uploads\/2023\/07\/alain_lapedagne-scaled-24x32.jpg 24w, https:\/\/www.etam31.com\/wp-content\/uploads\/2023\/07\/alain_lapedagne-scaled.jpg 1920w\" sizes=\"auto, (max-width: 768px) 100vw, 768px\" \/><\/figure><div class=\"wp-block-media-text__content\">\n<p>Alain Lapedagne &#8211; Responsable Section Judo<\/p>\n\n\n\n<p>5eme DAN Judo\/Jujitsu<\/p>\n\n\n\n<p>Dipl\u00f4me &#8211;  Certificat de Qualification Professionnelle (CQP)<\/p>\n<\/div><\/div>\n\n\n\n<p><\/p>\n\n\n\n<div class=\"wp-block-media-text is-stacked-on-mobile\" style=\"grid-template-columns:30% auto\"><figure class=\"wp-block-media-text__media\"><img loading=\"lazy\" decoding=\"async\" width=\"433\" height=\"468\" src=\"https:\/\/www.etam31.com\/wp-content\/uploads\/2023\/07\/george_landa_carre.png\" alt=\"Georges Landa\" class=\"wp-image-493 size-full\" srcset=\"https:\/\/www.etam31.com\/wp-content\/uploads\/2023\/07\/george_landa_carre.png 433w, https:\/\/www.etam31.com\/wp-content\/uploads\/2023\/07\/george_landa_carre-278x300.png 278w, https:\/\/www.etam31.com\/wp-content\/uploads\/2023\/07\/george_landa_carre-118x128.png 118w, https:\/\/www.etam31.com\/wp-content\/uploads\/2023\/07\/george_landa_carre-30x32.png 30w\" sizes=\"auto, (max-width: 433px) 100vw, 433px\" \/><\/figure><div class=\"wp-block-media-text__content\">\n<p>Georges Landa &#8211; Responsable Section Karate<\/p>\n\n\n\n<p>5eme DAN FEKAMT<\/p>\n\n\n\n<p>Membre de la commission technique KDSE<\/p>\n\n\n\n<p>Dipl\u00f4me &#8211; Dipl\u00f4me d&#8217;Instructeur F\u00e9d\u00e9ral (DIF)<\/p>\n<\/div><\/div>\n\n\n\n<p><\/p>\n\n\n\n<p><\/p>\n\n\n\n<div class=\"wp-block-media-text is-stacked-on-mobile\" style=\"grid-template-columns:30% auto\"><figure class=\"wp-block-media-text__media\"><img loading=\"lazy\" decoding=\"async\" width=\"196\" height=\"249\" src=\"https:\/\/www.etam31.com\/wp-content\/uploads\/2024\/10\/michelle_feuillerac_labergue-e1729411921644.jpg\" alt=\"\" class=\"wp-image-819 size-full\" srcset=\"https:\/\/www.etam31.com\/wp-content\/uploads\/2024\/10\/michelle_feuillerac_labergue-e1729411921644.jpg 196w, https:\/\/www.etam31.com\/wp-content\/uploads\/2024\/10\/michelle_feuillerac_labergue-e1729411921644-101x128.jpg 101w, https:\/\/www.etam31.com\/wp-content\/uploads\/2024\/10\/michelle_feuillerac_labergue-e1729411921644-25x32.jpg 25w\" sizes=\"auto, (max-width: 196px) 100vw, 196px\" \/><\/figure><div class=\"wp-block-media-text__content\">\n<p>Mich\u00e8le Feuillerac Labergue &#8211; Responsable Section Gymnastique<\/p>\n\n\n\n<p><\/p>\n<\/div><\/div>\n\n\n\n<p><\/p>\n\n\n\n<p><\/p>\n\n\n\n<p><\/p>\n\n\n\n<p><mark style=\"background-color:rgba(0, 0, 0, 0)\" class=\"has-inline-color has-vivid-green-cyan-color\">Nos instructeurs:<\/mark><\/p>\n\n\n\n<p><\/p>\n\n\n\n<p>Nous avons de nombreux instructeurs qui assurent les cours suppl\u00e9mentaires ou suppl\u00e9ent nos responsables techniques<\/p>\n\n\n\n<div class=\"wp-block-media-text is-stacked-on-mobile\" style=\"grid-template-columns:30% auto\"><figure class=\"wp-block-media-text__media\"><img loading=\"lazy\" decoding=\"async\" width=\"94\" height=\"101\" src=\"https:\/\/www.etam31.com\/wp-content\/uploads\/2024\/04\/lionel_buignet.jpg\" alt=\"\" class=\"wp-image-688 size-full\" srcset=\"https:\/\/www.etam31.com\/wp-content\/uploads\/2024\/04\/lionel_buignet.jpg 94w, https:\/\/www.etam31.com\/wp-content\/uploads\/2024\/04\/lionel_buignet-30x32.jpg 30w\" sizes=\"auto, (max-width: 94px) 100vw, 94px\" \/><\/figure><div class=\"wp-block-media-text__content\">\n<p>Lionel Buignet &#8211; Instructeur A\u00efkido<\/p>\n\n\n\n<p>4eme DAN ACAE<\/p>\n\n\n\n<p>Dipl\u00f4me &#8211; Brevet F\u00e9d\u00e9ral (BF)<\/p>\n<\/div><\/div>\n\n\n\n<p><\/p>\n\n\n\n<div class=\"wp-block-media-text is-stacked-on-mobile\" style=\"grid-template-columns:30% auto\"><figure class=\"wp-block-media-text__media\"><img loading=\"lazy\" decoding=\"async\" width=\"751\" height=\"1024\" src=\"https:\/\/www.etam31.com\/wp-content\/uploads\/2023\/07\/dimitri_dakos1-751x1024.jpg\" alt=\"\" class=\"wp-image-557 size-full\" srcset=\"https:\/\/www.etam31.com\/wp-content\/uploads\/2023\/07\/dimitri_dakos1-751x1024.jpg 751w, https:\/\/www.etam31.com\/wp-content\/uploads\/2023\/07\/dimitri_dakos1-220x300.jpg 220w, https:\/\/www.etam31.com\/wp-content\/uploads\/2023\/07\/dimitri_dakos1-768x1048.jpg 768w, https:\/\/www.etam31.com\/wp-content\/uploads\/2023\/07\/dimitri_dakos1-94x128.jpg 94w, https:\/\/www.etam31.com\/wp-content\/uploads\/2023\/07\/dimitri_dakos1-23x32.jpg 23w, https:\/\/www.etam31.com\/wp-content\/uploads\/2023\/07\/dimitri_dakos1.jpg 1002w\" sizes=\"auto, (max-width: 751px) 100vw, 751px\" \/><\/figure><div class=\"wp-block-media-text__content\">\n<p>Dimitri Dakos &#8211; Instructeur A\u00efkido<\/p>\n\n\n\n<p>5eme DAN ACAE<\/p>\n\n\n\n<p>Dipl\u00f4me &#8211; Brevet F\u00e9d\u00e9ral (BF)<\/p>\n<\/div><\/div>\n\n\n\n<p><\/p>\n\n\n\n<div class=\"wp-block-media-text is-stacked-on-mobile\" style=\"grid-template-columns:30% auto\"><figure class=\"wp-block-media-text__media\"><img loading=\"lazy\" decoding=\"async\" width=\"190\" height=\"250\" src=\"https:\/\/www.etam31.com\/wp-content\/uploads\/2024\/04\/william_arilla.jpg\" alt=\"\" class=\"wp-image-687 size-full\" srcset=\"https:\/\/www.etam31.com\/wp-content\/uploads\/2024\/04\/william_arilla.jpg 190w, https:\/\/www.etam31.com\/wp-content\/uploads\/2024\/04\/william_arilla-97x128.jpg 97w, https:\/\/www.etam31.com\/wp-content\/uploads\/2024\/04\/william_arilla-24x32.jpg 24w\" sizes=\"auto, (max-width: 190px) 100vw, 190px\" \/><\/figure><div class=\"wp-block-media-text__content\">\n<p>William Arilla &#8211; Instructeur A\u00efkido<\/p>\n\n\n\n<p>3eme DAN ACAE<\/p>\n<\/div><\/div>\n\n\n\n<p><\/p>\n\n\n\n<div class=\"wp-block-media-text is-stacked-on-mobile\" style=\"grid-template-columns:30% auto\"><figure class=\"wp-block-media-text__media\"><img loading=\"lazy\" decoding=\"async\" width=\"615\" height=\"1022\" src=\"https:\/\/www.etam31.com\/wp-content\/uploads\/2024\/04\/herve_lemaintec.jpg\" alt=\"\" class=\"wp-image-690 size-full\" srcset=\"https:\/\/www.etam31.com\/wp-content\/uploads\/2024\/04\/herve_lemaintec.jpg 615w, https:\/\/www.etam31.com\/wp-content\/uploads\/2024\/04\/herve_lemaintec-181x300.jpg 181w, https:\/\/www.etam31.com\/wp-content\/uploads\/2024\/04\/herve_lemaintec-77x128.jpg 77w, https:\/\/www.etam31.com\/wp-content\/uploads\/2024\/04\/herve_lemaintec-19x32.jpg 19w\" sizes=\"auto, (max-width: 615px) 100vw, 615px\" \/><\/figure><div class=\"wp-block-media-text__content\">\n<p>Herv\u00e9 Lemaintec &#8211; Instructeur Judo\/Jujitsu\/Kyusho Defense <\/p>\n\n\n\n<ul class=\"wp-block-list\">\n<li>2eme DAN Judo\/Jujitsu<\/li>\n\n\n\n<li>2eme DAN Kyusho Jitsu KJA&nbsp;Instructeur<\/li>\n\n\n\n<li>1er DAN Kia\u00ef Jitsu KJA<\/li>\n\n\n\n<li>Training Instructor : Niveau 9 Kyusho International<\/li>\n<\/ul>\n\n\n\n<p>Dipl\u00f4me &#8211; Certificat F\u00e9d\u00e9ral pour l&#8217;Enseignement B\u00e9n\u00e9vole (C.F.E.B.) <\/p>\n<\/div><\/div>\n\n\n\n<p><\/p>\n\n\n\n<div class=\"wp-block-media-text is-stacked-on-mobile\" style=\"grid-template-columns:30% auto\"><figure class=\"wp-block-media-text__media\"><img loading=\"lazy\" decoding=\"async\" width=\"534\" height=\"615\" src=\"https:\/\/www.etam31.com\/wp-content\/uploads\/2023\/07\/logo_photo-5.png\" alt=\"\" class=\"wp-image-506 size-full\" srcset=\"https:\/\/www.etam31.com\/wp-content\/uploads\/2023\/07\/logo_photo-5.png 534w, https:\/\/www.etam31.com\/wp-content\/uploads\/2023\/07\/logo_photo-5-260x300.png 260w, https:\/\/www.etam31.com\/wp-content\/uploads\/2023\/07\/logo_photo-5-111x128.png 111w, https:\/\/www.etam31.com\/wp-content\/uploads\/2023\/07\/logo_photo-5-28x32.png 28w\" sizes=\"auto, (max-width: 534px) 100vw, 534px\" \/><\/figure><div class=\"wp-block-media-text__content\">\n<p>Nicolas Esplan &#8211; Instructeur Jujitsu<\/p>\n<\/div><\/div>\n\n\n\n<p><\/p>\n\n\n\n<div class=\"wp-block-media-text is-stacked-on-mobile\" style=\"grid-template-columns:30% auto\"><figure class=\"wp-block-media-text__media\"><img loading=\"lazy\" decoding=\"async\" width=\"768\" height=\"1024\" src=\"https:\/\/www.etam31.com\/wp-content\/uploads\/2023\/07\/claire_monmarche-768x1024.jpg\" alt=\"\" class=\"wp-image-499 size-full\" srcset=\"https:\/\/www.etam31.com\/wp-content\/uploads\/2023\/07\/claire_monmarche-768x1024.jpg 768w, https:\/\/www.etam31.com\/wp-content\/uploads\/2023\/07\/claire_monmarche-225x300.jpg 225w, https:\/\/www.etam31.com\/wp-content\/uploads\/2023\/07\/claire_monmarche-1152x1536.jpg 1152w, https:\/\/www.etam31.com\/wp-content\/uploads\/2023\/07\/claire_monmarche-96x128.jpg 96w, https:\/\/www.etam31.com\/wp-content\/uploads\/2023\/07\/claire_monmarche-24x32.jpg 24w, https:\/\/www.etam31.com\/wp-content\/uploads\/2023\/07\/claire_monmarche.jpg 1200w\" sizes=\"auto, (max-width: 768px) 100vw, 768px\" \/><\/figure><div class=\"wp-block-media-text__content\">\n<p>Claire Monmarch\u00e9 &#8211; Instructeur Karate Enfant<\/p>\n\n\n\n<p>2eme DAN FEKAMT<\/p>\n\n\n\n<p>Dipl\u00f4me &#8211; Dipl\u00f4me d&#8217;Assistant F\u00e9d\u00e9ral Europ\u00e9en (DAFE)<\/p>\n<\/div><\/div>\n","protected":false},"excerpt":{"rendered":"<p>Nos pratiquants et enseignants perp\u00e9tuent l&#8217;enseignement martial depuis 1962: Notre directeur Technique: Bernard Martin &#8211; Directeur Technique 4eme DAN Judo\/Ju-jitsu Dipl\u00f4me &#8211; Brevet d&#8217;Etat (BE) Bernard Martin est notre directeur technique, il a lui m\u00eame assur\u00e9 les cours de Judo et Jujitsu pendant de nombreuses ann\u00e9es au club. Il est aujourd&#8217;hui le garant de notre [&hellip;]<\/p>\n","protected":false},"author":2,"featured_media":0,"parent":0,"menu_order":0,"comment_status":"closed","ping_status":"closed","template":"","meta":{"_mc_calendar":[],"footnotes":""},"class_list":["post-481","page","type-page","status-publish","hentry"],"yoast_head":"<!-- This site is optimized with the Yoast SEO plugin v26.5 - https:\/\/yoast.com\/wordpress\/plugins\/seo\/ -->\n<title>Les Professeurs<\/title>\n<meta name=\"description\" content=\"Les Professeurs - Notre \u00e9quipes enseignantes comportent de nombreux grad\u00e9s et dipl\u00f4m\u00e9s dans toutes les disciplines que nous enseignons\" \/>\n<meta name=\"robots\" content=\"index, follow, max-snippet:-1, max-image-preview:large, max-video-preview:-1\" \/>\n<link rel=\"canonical\" href=\"https:\/\/www.etam31.com\/index.php\/les-professeurs\/\" \/>\n<meta property=\"og:locale\" content=\"fr_FR\" \/>\n<meta property=\"og:type\" content=\"article\" \/>\n<meta property=\"og:title\" content=\"Les Professeurs\" \/>\n<meta property=\"og:description\" content=\"Les Professeurs - Notre \u00e9quipes enseignantes comportent de nombreux grad\u00e9s et dipl\u00f4m\u00e9s dans toutes les disciplines que nous enseignons\" \/>\n<meta property=\"og:url\" content=\"https:\/\/www.etam31.com\/index.php\/les-professeurs\/\" \/>\n<meta property=\"og:site_name\" content=\"ECOLE TOULOUSAINE D\u2019ARTS MARTIAUX\" \/>\n<meta property=\"article:publisher\" content=\"https:\/\/fr-fr.facebook.com\/EcoleToulousaineArtsMartiaux31\/\" \/>\n<meta property=\"article:modified_time\" content=\"2025-12-31T08:24:41+00:00\" \/>\n<meta property=\"og:image\" content=\"https:\/\/www.etam31.com\/wp-content\/uploads\/2023\/03\/directeur-technique.jpg\" \/>\n<meta name=\"twitter:card\" content=\"summary_large_image\" \/>\n<meta name=\"twitter:label1\" content=\"Dur\u00e9e de lecture estim\u00e9e\" \/>\n\t<meta name=\"twitter:data1\" content=\"5 minutes\" \/>\n<script type=\"application\/ld+json\" class=\"yoast-schema-graph\">{\"@context\":\"https:\/\/schema.org\",\"@graph\":[{\"@type\":\"WebPage\",\"@id\":\"https:\/\/www.etam31.com\/index.php\/les-professeurs\/\",\"url\":\"https:\/\/www.etam31.com\/index.php\/les-professeurs\/\",\"name\":\"Les Professeurs\",\"isPartOf\":{\"@id\":\"https:\/\/www.etam31.com\/#website\"},\"primaryImageOfPage\":{\"@id\":\"https:\/\/www.etam31.com\/index.php\/les-professeurs\/#primaryimage\"},\"image\":{\"@id\":\"https:\/\/www.etam31.com\/index.php\/les-professeurs\/#primaryimage\"},\"thumbnailUrl\":\"https:\/\/www.etam31.com\/wp-content\/uploads\/2023\/03\/directeur-technique.jpg\",\"datePublished\":\"2023-07-22T09:31:29+00:00\",\"dateModified\":\"2025-12-31T08:24:41+00:00\",\"description\":\"Les Professeurs - Notre \u00e9quipes enseignantes comportent de nombreux grad\u00e9s et dipl\u00f4m\u00e9s dans toutes les disciplines que nous enseignons\",\"breadcrumb\":{\"@id\":\"https:\/\/www.etam31.com\/index.php\/les-professeurs\/#breadcrumb\"},\"inLanguage\":\"fr-FR\",\"potentialAction\":[{\"@type\":\"ReadAction\",\"target\":[\"https:\/\/www.etam31.com\/index.php\/les-professeurs\/\"]}]},{\"@type\":\"ImageObject\",\"inLanguage\":\"fr-FR\",\"@id\":\"https:\/\/www.etam31.com\/index.php\/les-professeurs\/#primaryimage\",\"url\":\"https:\/\/www.etam31.com\/wp-content\/uploads\/2023\/03\/directeur-technique.jpg\",\"contentUrl\":\"https:\/\/www.etam31.com\/wp-content\/uploads\/2023\/03\/directeur-technique.jpg\",\"width\":469,\"height\":648,\"caption\":\"Bernard MARTIN d\u00e9bute le judo en 1964 (18 ans) a l\u2019ETAM sous la direction de ma\u00eetre Guiral, puis \u00e0 l\u2019AS Cheminot de S\u00e8te sous la direction de Ma\u00eetre Delpal de 1967 \u00e0 1970 de retour \u00e0 l\u2019ETAM en 1970 et jusqu\u2019\u00e0 nos jours. CN 4 Dan depuis 1992. Brevet d\u2019Etat n\u00b031-84-171\"},{\"@type\":\"BreadcrumbList\",\"@id\":\"https:\/\/www.etam31.com\/index.php\/les-professeurs\/#breadcrumb\",\"itemListElement\":[{\"@type\":\"ListItem\",\"position\":1,\"name\":\"Accueil\",\"item\":\"https:\/\/www.etam31.com\/\"},{\"@type\":\"ListItem\",\"position\":2,\"name\":\"Les Professeurs\"}]},{\"@type\":\"WebSite\",\"@id\":\"https:\/\/www.etam31.com\/#website\",\"url\":\"https:\/\/www.etam31.com\/\",\"name\":\"ECOLE TOULOUSAINE D\u2019ARTS MARTIAUX\",\"description\":\"Plus d&#039;UN DEMI SI\u00c8CLE D\u2019EXISTENCE, LE PLUS ANCIEN CLUB D\u2019ARTS MARTIAUX TOULOUSAIN ...\",\"publisher\":{\"@id\":\"https:\/\/www.etam31.com\/#organization\"},\"alternateName\":\"ETAM31\",\"potentialAction\":[{\"@type\":\"SearchAction\",\"target\":{\"@type\":\"EntryPoint\",\"urlTemplate\":\"https:\/\/www.etam31.com\/?s={search_term_string}\"},\"query-input\":{\"@type\":\"PropertyValueSpecification\",\"valueRequired\":true,\"valueName\":\"search_term_string\"}}],\"inLanguage\":\"fr-FR\"},{\"@type\":\"Organization\",\"@id\":\"https:\/\/www.etam31.com\/#organization\",\"name\":\"ECOLE TOULOUSAINE D\u2019ARTS MARTIAUX\",\"alternateName\":\"ETAM\",\"url\":\"https:\/\/www.etam31.com\/\",\"logo\":{\"@type\":\"ImageObject\",\"inLanguage\":\"fr-FR\",\"@id\":\"https:\/\/www.etam31.com\/#\/schema\/logo\/image\/\",\"url\":\"https:\/\/www.etam31.com\/wp-content\/uploads\/2023\/03\/logo.jpg\",\"contentUrl\":\"https:\/\/www.etam31.com\/wp-content\/uploads\/2023\/03\/logo.jpg\",\"width\":955,\"height\":951,\"caption\":\"ECOLE TOULOUSAINE D\u2019ARTS MARTIAUX\"},\"image\":{\"@id\":\"https:\/\/www.etam31.com\/#\/schema\/logo\/image\/\"},\"sameAs\":[\"https:\/\/fr-fr.facebook.com\/EcoleToulousaineArtsMartiaux31\/\"]}]}<\/script>\n<!-- \/ Yoast SEO plugin. -->","yoast_head_json":{"title":"Les Professeurs","description":"Les Professeurs - Notre \u00e9quipes enseignantes comportent de nombreux grad\u00e9s et dipl\u00f4m\u00e9s dans toutes les disciplines que nous enseignons","robots":{"index":"index","follow":"follow","max-snippet":"max-snippet:-1","max-image-preview":"max-image-preview:large","max-video-preview":"max-video-preview:-1"},"canonical":"https:\/\/www.etam31.com\/index.php\/les-professeurs\/","og_locale":"fr_FR","og_type":"article","og_title":"Les Professeurs","og_description":"Les Professeurs - Notre \u00e9quipes enseignantes comportent de nombreux grad\u00e9s et dipl\u00f4m\u00e9s dans toutes les disciplines que nous enseignons","og_url":"https:\/\/www.etam31.com\/index.php\/les-professeurs\/","og_site_name":"ECOLE TOULOUSAINE D\u2019ARTS MARTIAUX","article_publisher":"https:\/\/fr-fr.facebook.com\/EcoleToulousaineArtsMartiaux31\/","article_modified_time":"2025-12-31T08:24:41+00:00","og_image":[{"url":"https:\/\/www.etam31.com\/wp-content\/uploads\/2023\/03\/directeur-technique.jpg","type":"","width":"","height":""}],"twitter_card":"summary_large_image","twitter_misc":{"Dur\u00e9e de lecture estim\u00e9e":"5 minutes"},"schema":{"@context":"https:\/\/schema.org","@graph":[{"@type":"WebPage","@id":"https:\/\/www.etam31.com\/index.php\/les-professeurs\/","url":"https:\/\/www.etam31.com\/index.php\/les-professeurs\/","name":"Les Professeurs","isPartOf":{"@id":"https:\/\/www.etam31.com\/#website"},"primaryImageOfPage":{"@id":"https:\/\/www.etam31.com\/index.php\/les-professeurs\/#primaryimage"},"image":{"@id":"https:\/\/www.etam31.com\/index.php\/les-professeurs\/#primaryimage"},"thumbnailUrl":"https:\/\/www.etam31.com\/wp-content\/uploads\/2023\/03\/directeur-technique.jpg","datePublished":"2023-07-22T09:31:29+00:00","dateModified":"2025-12-31T08:24:41+00:00","description":"Les Professeurs - Notre \u00e9quipes enseignantes comportent de nombreux grad\u00e9s et dipl\u00f4m\u00e9s dans toutes les disciplines que nous enseignons","breadcrumb":{"@id":"https:\/\/www.etam31.com\/index.php\/les-professeurs\/#breadcrumb"},"inLanguage":"fr-FR","potentialAction":[{"@type":"ReadAction","target":["https:\/\/www.etam31.com\/index.php\/les-professeurs\/"]}]},{"@type":"ImageObject","inLanguage":"fr-FR","@id":"https:\/\/www.etam31.com\/index.php\/les-professeurs\/#primaryimage","url":"https:\/\/www.etam31.com\/wp-content\/uploads\/2023\/03\/directeur-technique.jpg","contentUrl":"https:\/\/www.etam31.com\/wp-content\/uploads\/2023\/03\/directeur-technique.jpg","width":469,"height":648,"caption":"Bernard MARTIN d\u00e9bute le judo en 1964 (18 ans) a l\u2019ETAM sous la direction de ma\u00eetre Guiral, puis \u00e0 l\u2019AS Cheminot de S\u00e8te sous la direction de Ma\u00eetre Delpal de 1967 \u00e0 1970 de retour \u00e0 l\u2019ETAM en 1970 et jusqu\u2019\u00e0 nos jours. CN 4 Dan depuis 1992. Brevet d\u2019Etat n\u00b031-84-171"},{"@type":"BreadcrumbList","@id":"https:\/\/www.etam31.com\/index.php\/les-professeurs\/#breadcrumb","itemListElement":[{"@type":"ListItem","position":1,"name":"Accueil","item":"https:\/\/www.etam31.com\/"},{"@type":"ListItem","position":2,"name":"Les Professeurs"}]},{"@type":"WebSite","@id":"https:\/\/www.etam31.com\/#website","url":"https:\/\/www.etam31.com\/","name":"ECOLE TOULOUSAINE D\u2019ARTS MARTIAUX","description":"Plus d&#039;UN DEMI SI\u00c8CLE D\u2019EXISTENCE, LE PLUS ANCIEN CLUB D\u2019ARTS MARTIAUX TOULOUSAIN ...","publisher":{"@id":"https:\/\/www.etam31.com\/#organization"},"alternateName":"ETAM31","potentialAction":[{"@type":"SearchAction","target":{"@type":"EntryPoint","urlTemplate":"https:\/\/www.etam31.com\/?s={search_term_string}"},"query-input":{"@type":"PropertyValueSpecification","valueRequired":true,"valueName":"search_term_string"}}],"inLanguage":"fr-FR"},{"@type":"Organization","@id":"https:\/\/www.etam31.com\/#organization","name":"ECOLE TOULOUSAINE D\u2019ARTS MARTIAUX","alternateName":"ETAM","url":"https:\/\/www.etam31.com\/","logo":{"@type":"ImageObject","inLanguage":"fr-FR","@id":"https:\/\/www.etam31.com\/#\/schema\/logo\/image\/","url":"https:\/\/www.etam31.com\/wp-content\/uploads\/2023\/03\/logo.jpg","contentUrl":"https:\/\/www.etam31.com\/wp-content\/uploads\/2023\/03\/logo.jpg","width":955,"height":951,"caption":"ECOLE TOULOUSAINE D\u2019ARTS MARTIAUX"},"image":{"@id":"https:\/\/www.etam31.com\/#\/schema\/logo\/image\/"},"sameAs":["https:\/\/fr-fr.facebook.com\/EcoleToulousaineArtsMartiaux31\/"]}]}},"_links":{"self":[{"href":"https:\/\/www.etam31.com\/index.php\/wp-json\/wp\/v2\/pages\/481","targetHints":{"allow":["GET"]}}],"collection":[{"href":"https:\/\/www.etam31.com\/index.php\/wp-json\/wp\/v2\/pages"}],"about":[{"href":"https:\/\/www.etam31.com\/index.php\/wp-json\/wp\/v2\/types\/page"}],"author":[{"embeddable":true,"href":"https:\/\/www.etam31.com\/index.php\/wp-json\/wp\/v2\/users\/2"}],"replies":[{"embeddable":true,"href":"https:\/\/www.etam31.com\/index.php\/wp-json\/wp\/v2\/comments?post=481"}],"version-history":[{"count":47,"href":"https:\/\/www.etam31.com\/index.php\/wp-json\/wp\/v2\/pages\/481\/revisions"}],"predecessor-version":[{"id":1006,"href":"https:\/\/www.etam31.com\/index.php\/wp-json\/wp\/v2\/pages\/481\/revisions\/1006"}],"wp:attachment":[{"href":"https:\/\/www.etam31.com\/index.php\/wp-json\/wp\/v2\/media?parent=481"}],"curies":[{"name":"wp","href":"https:\/\/api.w.org\/{rel}","templated":true}]}}