{"id":264,"date":"2023-03-17T10:24:35","date_gmt":"2023-03-17T09:24:35","guid":{"rendered":"https:\/\/www.etam31.com\/?page_id=264"},"modified":"2024-04-14T10:52:04","modified_gmt":"2024-04-14T08:52:04","slug":"50-ans-etam-2","status":"publish","type":"page","link":"https:\/\/www.etam31.com\/index.php\/50-ans-etam-2\/","title":{"rendered":"50 ans &#8230;"},"content":{"rendered":"\n<h2 class=\"has-vivid-red-color has-text-color wp-block-heading\">En 2012 l\u2019ETAM a f\u00eat\u00e9 ses 50 ans<\/h2>\n\n\n\n<p>3<a href=\"https:\/\/web.archive.org\/web\/20221004184847\/https:\/\/www.etam31.com\/les-50-ans-de-letam\"> <\/a>grands<a href=\"https:\/\/web.archive.org\/web\/20221004184847\/https:\/\/www.etam31.com\/les-50-ans-de-letam\"> <\/a>\u00e9v\u00e8nements&nbsp;ont \u00e9t\u00e9 organis\u00e9s au long de l\u2019ann\u00e9e<\/p>\n\n\n\n<ul class=\"wp-block-list\">\n<li><strong>1er \u00e9v\u00e8nement : <\/strong>nous vous conviions le Samedi 06 octobre, \u00e0 une journ\u00e9e portes ouvertes au 45, rue des Fontaines \u00e0 Toulouse \u00e0 l\u2019occasion du cinquantenaire de l\u2019ETAM.\n<ul class=\"wp-block-list\">\n<li><a href=\"https:\/\/www.etam31.com\/wp-content\/uploads\/2023\/03\/50-ans-ETAM.pdf\" data-type=\"attachment\" data-id=\"268\" target=\"_blank\" rel=\"noreferrer noopener\">T\u00e9l\u00e9charger le programme<\/a><\/li>\n\n\n\n<li>Au programme de cette journ\u00e9e, entr\u00e9e libre ouverte \u00e0 tous \u00e0 partir de 14h00 pour d\u00e9couvrir la riche histoire de cette \u00e9cole o\u00f9 des stages dirig\u00e9s par de grands ma\u00eetres d\u2019arts martiaux ont ponctu\u00e9 son \u00e9volution. Les disciplines enseign\u00e9es feront l\u2019objet de d\u00e9monstrations comment\u00e9es avec possibilit\u00e9 d\u2019initiation. Toutes les demi-heures se succ\u00e8deront&nbsp;<strong>Ta\u00efso, A\u00efkido, Judo, Karat\u00e9, Jiu-Jitsu.<\/strong><\/li>\n<\/ul>\n<\/li>\n\n\n\n<li><strong>2\u00e8me \u00e9v\u00e8nement : <\/strong>le samedi 02 f\u00e9vrier, nous vous conviions \u00e0 une d\u00e9monstration suivi d\u2019un ap\u00e9ritif<\/li>\n\n\n\n<li>Situ\u00e9 au Gymnase Puig, (4 Rue Coupefer \u2013 31300 TOULOUSE), les disciplines feront, pendant 30 minutes, une pr\u00e9sentation de leur enseignements\n<ul class=\"wp-block-list\">\n<li>L\u2019accueil du public commencera \u00e0 13h30 et la d\u00e9monstration d\u00e9butera \u00e0 14h.\n<ul class=\"wp-block-list\">\n<li>Aikido : 14h00<\/li>\n\n\n\n<li>Judo Enfant : 14h30<\/li>\n\n\n\n<li>Judo : 14h45<\/li>\n\n\n\n<li>Karat\u00e9 : 15h15<\/li>\n\n\n\n<li>Judo Enfant : 15h45<\/li>\n\n\n\n<li>Jiu-jitsu : 16h00<\/li>\n\n\n\n<li>Ta\u00efso : 16h30<\/li>\n<\/ul>\n<\/li>\n\n\n\n<li><a href=\"https:\/\/www.etam31.com\/index.php\/portes-ouvertes\/\" data-type=\"page\" data-id=\"410\">Quelques photos de l&#8217;\u00e9v\u00e8nement &#8230;<\/a><\/li>\n<\/ul>\n<\/li>\n\n\n\n<li><strong>3\u00e8me \u00e9v\u00e8nement :<\/strong>  pour f\u00eater dignement les 50 ans du club, un repas de groupe est organis\u00e9 le&nbsp;<strong>1er juin 2013, \u00e0 20h00<\/strong>. A cette occasion, l\u2019espace EN JACCA (<em>3 chemin de l\u2019Echut 31770 Colomiers<\/em>) nous accueillera.<\/li>\n<\/ul>\n\n\n\n<p>La fa\u00e7ade du Dojo<\/p>\n\n\n\n<figure class=\"wp-block-image size-full\"><img loading=\"lazy\" decoding=\"async\" width=\"1024\" height=\"768\" src=\"https:\/\/www.etam31.com\/wp-content\/uploads\/2023\/03\/etam-facade-50ans-big.jpg\" alt=\"Dojo ETAM\" class=\"wp-image-266\" srcset=\"https:\/\/www.etam31.com\/wp-content\/uploads\/2023\/03\/etam-facade-50ans-big.jpg 1024w, https:\/\/www.etam31.com\/wp-content\/uploads\/2023\/03\/etam-facade-50ans-big-300x225.jpg 300w, https:\/\/www.etam31.com\/wp-content\/uploads\/2023\/03\/etam-facade-50ans-big-768x576.jpg 768w, https:\/\/www.etam31.com\/wp-content\/uploads\/2023\/03\/etam-facade-50ans-big-128x96.jpg 128w, https:\/\/www.etam31.com\/wp-content\/uploads\/2023\/03\/etam-facade-50ans-big-32x24.jpg 32w\" sizes=\"auto, (max-width: 1024px) 100vw, 1024px\" \/><\/figure>\n","protected":false},"excerpt":{"rendered":"<p>En 2012 l\u2019ETAM a f\u00eat\u00e9 ses 50 ans 3 grands \u00e9v\u00e8nements&nbsp;ont \u00e9t\u00e9 organis\u00e9s au long de l\u2019ann\u00e9e La fa\u00e7ade du Dojo<\/p>\n","protected":false},"author":2,"featured_media":0,"parent":0,"menu_order":0,"comment_status":"closed","ping_status":"closed","template":"","meta":{"_mc_calendar":[],"footnotes":""},"class_list":["post-264","page","type-page","status-publish","hentry"],"yoast_head":"<!-- This site is optimized with the Yoast SEO plugin v26.5 - https:\/\/yoast.com\/wordpress\/plugins\/seo\/ -->\n<title>50 ans<\/title>\n<meta name=\"description\" content=\"L&#039;Ecole Toulousaine des Arts Martiaux a particuli\u00e8rement f\u00eater ses 50 ans en 2012 mais le club d\u00e9passe d\u00e9sormais les 60 ans d&#039;existence\" \/>\n<meta name=\"robots\" content=\"index, follow, max-snippet:-1, max-image-preview:large, max-video-preview:-1\" \/>\n<link rel=\"canonical\" href=\"https:\/\/www.etam31.com\/index.php\/50-ans-etam-2\/\" \/>\n<meta property=\"og:locale\" content=\"fr_FR\" \/>\n<meta property=\"og:type\" content=\"article\" \/>\n<meta property=\"og:title\" content=\"50 ans\" \/>\n<meta property=\"og:description\" content=\"L&#039;Ecole Toulousaine des Arts Martiaux a particuli\u00e8rement f\u00eater ses 50 ans en 2012 mais le club d\u00e9passe d\u00e9sormais les 60 ans d&#039;existence\" \/>\n<meta property=\"og:url\" content=\"https:\/\/www.etam31.com\/index.php\/50-ans-etam-2\/\" \/>\n<meta property=\"og:site_name\" content=\"ECOLE TOULOUSAINE D\u2019ARTS MARTIAUX\" \/>\n<meta property=\"article:publisher\" content=\"https:\/\/fr-fr.facebook.com\/EcoleToulousaineArtsMartiaux31\/\" \/>\n<meta property=\"article:modified_time\" content=\"2024-04-14T08:52:04+00:00\" \/>\n<meta property=\"og:image\" content=\"https:\/\/www.etam31.com\/wp-content\/uploads\/2023\/03\/etam-facade-50ans-big.jpg\" \/>\n<meta name=\"twitter:card\" content=\"summary_large_image\" \/>\n<meta name=\"twitter:label1\" content=\"Dur\u00e9e de lecture estim\u00e9e\" \/>\n\t<meta name=\"twitter:data1\" content=\"2 minutes\" \/>\n<script type=\"application\/ld+json\" class=\"yoast-schema-graph\">{\"@context\":\"https:\/\/schema.org\",\"@graph\":[{\"@type\":\"WebPage\",\"@id\":\"https:\/\/www.etam31.com\/index.php\/50-ans-etam-2\/\",\"url\":\"https:\/\/www.etam31.com\/index.php\/50-ans-etam-2\/\",\"name\":\"50 ans\",\"isPartOf\":{\"@id\":\"https:\/\/www.etam31.com\/#website\"},\"primaryImageOfPage\":{\"@id\":\"https:\/\/www.etam31.com\/index.php\/50-ans-etam-2\/#primaryimage\"},\"image\":{\"@id\":\"https:\/\/www.etam31.com\/index.php\/50-ans-etam-2\/#primaryimage\"},\"thumbnailUrl\":\"https:\/\/www.etam31.com\/wp-content\/uploads\/2023\/03\/etam-facade-50ans-big.jpg\",\"datePublished\":\"2023-03-17T09:24:35+00:00\",\"dateModified\":\"2024-04-14T08:52:04+00:00\",\"description\":\"L'Ecole Toulousaine des Arts Martiaux a particuli\u00e8rement f\u00eater ses 50 ans en 2012 mais le club d\u00e9passe d\u00e9sormais les 60 ans d'existence\",\"breadcrumb\":{\"@id\":\"https:\/\/www.etam31.com\/index.php\/50-ans-etam-2\/#breadcrumb\"},\"inLanguage\":\"fr-FR\",\"potentialAction\":[{\"@type\":\"ReadAction\",\"target\":[\"https:\/\/www.etam31.com\/index.php\/50-ans-etam-2\/\"]}]},{\"@type\":\"ImageObject\",\"inLanguage\":\"fr-FR\",\"@id\":\"https:\/\/www.etam31.com\/index.php\/50-ans-etam-2\/#primaryimage\",\"url\":\"https:\/\/www.etam31.com\/wp-content\/uploads\/2023\/03\/etam-facade-50ans-big.jpg\",\"contentUrl\":\"https:\/\/www.etam31.com\/wp-content\/uploads\/2023\/03\/etam-facade-50ans-big.jpg\",\"width\":1024,\"height\":768},{\"@type\":\"BreadcrumbList\",\"@id\":\"https:\/\/www.etam31.com\/index.php\/50-ans-etam-2\/#breadcrumb\",\"itemListElement\":[{\"@type\":\"ListItem\",\"position\":1,\"name\":\"Accueil\",\"item\":\"https:\/\/www.etam31.com\/\"},{\"@type\":\"ListItem\",\"position\":2,\"name\":\"50 ans &#8230;\"}]},{\"@type\":\"WebSite\",\"@id\":\"https:\/\/www.etam31.com\/#website\",\"url\":\"https:\/\/www.etam31.com\/\",\"name\":\"ECOLE TOULOUSAINE D\u2019ARTS MARTIAUX\",\"description\":\"Plus d&#039;UN DEMI SI\u00c8CLE D\u2019EXISTENCE, LE PLUS ANCIEN CLUB D\u2019ARTS MARTIAUX TOULOUSAIN ...\",\"publisher\":{\"@id\":\"https:\/\/www.etam31.com\/#organization\"},\"alternateName\":\"ETAM31\",\"potentialAction\":[{\"@type\":\"SearchAction\",\"target\":{\"@type\":\"EntryPoint\",\"urlTemplate\":\"https:\/\/www.etam31.com\/?s={search_term_string}\"},\"query-input\":{\"@type\":\"PropertyValueSpecification\",\"valueRequired\":true,\"valueName\":\"search_term_string\"}}],\"inLanguage\":\"fr-FR\"},{\"@type\":\"Organization\",\"@id\":\"https:\/\/www.etam31.com\/#organization\",\"name\":\"ECOLE TOULOUSAINE D\u2019ARTS MARTIAUX\",\"alternateName\":\"ETAM\",\"url\":\"https:\/\/www.etam31.com\/\",\"logo\":{\"@type\":\"ImageObject\",\"inLanguage\":\"fr-FR\",\"@id\":\"https:\/\/www.etam31.com\/#\/schema\/logo\/image\/\",\"url\":\"https:\/\/www.etam31.com\/wp-content\/uploads\/2023\/03\/logo.jpg\",\"contentUrl\":\"https:\/\/www.etam31.com\/wp-content\/uploads\/2023\/03\/logo.jpg\",\"width\":955,\"height\":951,\"caption\":\"ECOLE TOULOUSAINE D\u2019ARTS MARTIAUX\"},\"image\":{\"@id\":\"https:\/\/www.etam31.com\/#\/schema\/logo\/image\/\"},\"sameAs\":[\"https:\/\/fr-fr.facebook.com\/EcoleToulousaineArtsMartiaux31\/\"]}]}<\/script>\n<!-- \/ Yoast SEO plugin. -->","yoast_head_json":{"title":"50 ans","description":"L'Ecole Toulousaine des Arts Martiaux a particuli\u00e8rement f\u00eater ses 50 ans en 2012 mais le club d\u00e9passe d\u00e9sormais les 60 ans d'existence","robots":{"index":"index","follow":"follow","max-snippet":"max-snippet:-1","max-image-preview":"max-image-preview:large","max-video-preview":"max-video-preview:-1"},"canonical":"https:\/\/www.etam31.com\/index.php\/50-ans-etam-2\/","og_locale":"fr_FR","og_type":"article","og_title":"50 ans","og_description":"L'Ecole Toulousaine des Arts Martiaux a particuli\u00e8rement f\u00eater ses 50 ans en 2012 mais le club d\u00e9passe d\u00e9sormais les 60 ans d'existence","og_url":"https:\/\/www.etam31.com\/index.php\/50-ans-etam-2\/","og_site_name":"ECOLE TOULOUSAINE D\u2019ARTS MARTIAUX","article_publisher":"https:\/\/fr-fr.facebook.com\/EcoleToulousaineArtsMartiaux31\/","article_modified_time":"2024-04-14T08:52:04+00:00","og_image":[{"url":"https:\/\/www.etam31.com\/wp-content\/uploads\/2023\/03\/etam-facade-50ans-big.jpg","type":"","width":"","height":""}],"twitter_card":"summary_large_image","twitter_misc":{"Dur\u00e9e de lecture estim\u00e9e":"2 minutes"},"schema":{"@context":"https:\/\/schema.org","@graph":[{"@type":"WebPage","@id":"https:\/\/www.etam31.com\/index.php\/50-ans-etam-2\/","url":"https:\/\/www.etam31.com\/index.php\/50-ans-etam-2\/","name":"50 ans","isPartOf":{"@id":"https:\/\/www.etam31.com\/#website"},"primaryImageOfPage":{"@id":"https:\/\/www.etam31.com\/index.php\/50-ans-etam-2\/#primaryimage"},"image":{"@id":"https:\/\/www.etam31.com\/index.php\/50-ans-etam-2\/#primaryimage"},"thumbnailUrl":"https:\/\/www.etam31.com\/wp-content\/uploads\/2023\/03\/etam-facade-50ans-big.jpg","datePublished":"2023-03-17T09:24:35+00:00","dateModified":"2024-04-14T08:52:04+00:00","description":"L'Ecole Toulousaine des Arts Martiaux a particuli\u00e8rement f\u00eater ses 50 ans en 2012 mais le club d\u00e9passe d\u00e9sormais les 60 ans d'existence","breadcrumb":{"@id":"https:\/\/www.etam31.com\/index.php\/50-ans-etam-2\/#breadcrumb"},"inLanguage":"fr-FR","potentialAction":[{"@type":"ReadAction","target":["https:\/\/www.etam31.com\/index.php\/50-ans-etam-2\/"]}]},{"@type":"ImageObject","inLanguage":"fr-FR","@id":"https:\/\/www.etam31.com\/index.php\/50-ans-etam-2\/#primaryimage","url":"https:\/\/www.etam31.com\/wp-content\/uploads\/2023\/03\/etam-facade-50ans-big.jpg","contentUrl":"https:\/\/www.etam31.com\/wp-content\/uploads\/2023\/03\/etam-facade-50ans-big.jpg","width":1024,"height":768},{"@type":"BreadcrumbList","@id":"https:\/\/www.etam31.com\/index.php\/50-ans-etam-2\/#breadcrumb","itemListElement":[{"@type":"ListItem","position":1,"name":"Accueil","item":"https:\/\/www.etam31.com\/"},{"@type":"ListItem","position":2,"name":"50 ans &#8230;"}]},{"@type":"WebSite","@id":"https:\/\/www.etam31.com\/#website","url":"https:\/\/www.etam31.com\/","name":"ECOLE TOULOUSAINE D\u2019ARTS MARTIAUX","description":"Plus d&#039;UN DEMI SI\u00c8CLE D\u2019EXISTENCE, LE PLUS ANCIEN CLUB D\u2019ARTS MARTIAUX TOULOUSAIN ...","publisher":{"@id":"https:\/\/www.etam31.com\/#organization"},"alternateName":"ETAM31","potentialAction":[{"@type":"SearchAction","target":{"@type":"EntryPoint","urlTemplate":"https:\/\/www.etam31.com\/?s={search_term_string}"},"query-input":{"@type":"PropertyValueSpecification","valueRequired":true,"valueName":"search_term_string"}}],"inLanguage":"fr-FR"},{"@type":"Organization","@id":"https:\/\/www.etam31.com\/#organization","name":"ECOLE TOULOUSAINE D\u2019ARTS MARTIAUX","alternateName":"ETAM","url":"https:\/\/www.etam31.com\/","logo":{"@type":"ImageObject","inLanguage":"fr-FR","@id":"https:\/\/www.etam31.com\/#\/schema\/logo\/image\/","url":"https:\/\/www.etam31.com\/wp-content\/uploads\/2023\/03\/logo.jpg","contentUrl":"https:\/\/www.etam31.com\/wp-content\/uploads\/2023\/03\/logo.jpg","width":955,"height":951,"caption":"ECOLE TOULOUSAINE D\u2019ARTS MARTIAUX"},"image":{"@id":"https:\/\/www.etam31.com\/#\/schema\/logo\/image\/"},"sameAs":["https:\/\/fr-fr.facebook.com\/EcoleToulousaineArtsMartiaux31\/"]}]}},"_links":{"self":[{"href":"https:\/\/www.etam31.com\/index.php\/wp-json\/wp\/v2\/pages\/264","targetHints":{"allow":["GET"]}}],"collection":[{"href":"https:\/\/www.etam31.com\/index.php\/wp-json\/wp\/v2\/pages"}],"about":[{"href":"https:\/\/www.etam31.com\/index.php\/wp-json\/wp\/v2\/types\/page"}],"author":[{"embeddable":true,"href":"https:\/\/www.etam31.com\/index.php\/wp-json\/wp\/v2\/users\/2"}],"replies":[{"embeddable":true,"href":"https:\/\/www.etam31.com\/index.php\/wp-json\/wp\/v2\/comments?post=264"}],"version-history":[{"count":4,"href":"https:\/\/www.etam31.com\/index.php\/wp-json\/wp\/v2\/pages\/264\/revisions"}],"predecessor-version":[{"id":431,"href":"https:\/\/www.etam31.com\/index.php\/wp-json\/wp\/v2\/pages\/264\/revisions\/431"}],"wp:attachment":[{"href":"https:\/\/www.etam31.com\/index.php\/wp-json\/wp\/v2\/media?parent=264"}],"curies":[{"name":"wp","href":"https:\/\/api.w.org\/{rel}","templated":true}]}}