{"id":26,"date":"2023-03-14T10:35:20","date_gmt":"2023-03-14T09:35:20","guid":{"rendered":"http:\/\/www.etam31.com\/?page_id=26"},"modified":"2025-09-14T22:40:10","modified_gmt":"2025-09-14T20:40:10","slug":"aikido","status":"publish","type":"page","link":"https:\/\/www.etam31.com\/index.php\/aikido\/","title":{"rendered":"Aikido"},"content":{"rendered":"\n<p><em>Discipline<\/em><em>&nbsp;affili\u00e9e \u00e0&nbsp;l\u2019UFOLEP<\/em><\/p>\n\n\n\n<p>La r\u00e9solution du conflit par le moyen de l\u2019unification du ki (\u00e9nergie),<br>et non par son opposition, est ce qui caract\u00e9rise fondamentalement l\u2019A\u00efkido et le distingue des autres disciplines.<\/p>\n\n\n\n<h2 class=\"wp-block-heading\">Actualit\u00e9s de la discipline<\/h2>\n\n\n\n<p>Retrouvez les derni\u00e8res informations ainsi que des photos<br>et vid\u00e9os sur le blog de l\u2019a\u00efkido &gt;&gt;&nbsp;<em><strong><a rel=\"noreferrer noopener\" href=\"http:\/\/aikido-etam-toulouse.over-blog.fr\/categorie-11922829.html\" target=\"_blank\">liens du blog<\/a><\/strong><\/em><br>ou sur notre page facebook: &gt;&gt;<em><strong><a href=\"https:\/\/www.facebook.com\/Aikido-ETAM-Toulouse-103111839116686\">liens du facebook<\/a><\/strong><\/em><\/p>\n\n\n\n<h2 class=\"wp-block-heading\">Horaires<\/h2>\n\n\n\n<ul class=\"wp-block-list\">\n<li><strong>Lundi :&nbsp;<\/strong>18h30 \u2013 20h00<\/li>\n\n\n\n<li><strong>Mardi :&nbsp;<\/strong>20h30 \u2013 22h00<\/li>\n\n\n\n<li><strong>Mercredi :&nbsp;<\/strong>12h15 \u2013 13h15<\/li>\n\n\n\n<li><strong>Jeudi :\u00a0<\/strong>20h00 \u2013 21h00 &#8211; Cours sp\u00e9cial Seniors<\/li>\n\n\n\n<li><strong>Samedi (sous condition) :&nbsp;<\/strong>9h45 \u2013 11h45<\/li>\n<\/ul>\n\n\n\n<h2 class=\"wp-block-heading\">Contacts:<\/h2>\n\n\n\n<ul class=\"wp-block-list\">\n<li><strong>Equipe enseignante Aikido:&nbsp;<em><a href=\"mailto:secretariat.aikido.etam@gmail.com;\">secretariat.aikido.etam@gmail.com<\/a><\/em><\/strong><\/li>\n\n\n\n<li><strong>Equipe dirigeante ETAM:&nbsp;<\/strong><a href=\"mailto:contact@etam31.com\"><strong>contact@etam31.com<\/strong><\/a><\/li>\n<\/ul>\n\n\n\n<p>Vous souhaitez essayer cet art martial ? L\u2019ETAM vous propose des cours d\u2019essais gratuits (un certificat m\u00e9dical est n\u00e9cessaire)<\/p>\n","protected":false},"excerpt":{"rendered":"<p>Discipline&nbsp;affili\u00e9e \u00e0&nbsp;l\u2019UFOLEP La r\u00e9solution du conflit par le moyen de l\u2019unification du ki (\u00e9nergie),et non par son opposition, est ce qui caract\u00e9rise fondamentalement l\u2019A\u00efkido et le distingue des autres disciplines. Actualit\u00e9s de la discipline Retrouvez les derni\u00e8res informations ainsi que des photoset vid\u00e9os sur le blog de l\u2019a\u00efkido &gt;&gt;&nbsp;liens du blogou sur notre page facebook: [&hellip;]<\/p>\n","protected":false},"author":2,"featured_media":0,"parent":0,"menu_order":0,"comment_status":"closed","ping_status":"closed","template":"","meta":{"_mc_calendar":[],"footnotes":""},"class_list":["post-26","page","type-page","status-publish","hentry"],"yoast_head":"<!-- This site is optimized with the Yoast SEO plugin v26.5 - https:\/\/yoast.com\/wordpress\/plugins\/seo\/ -->\n<title>Aikido<\/title>\n<meta name=\"description\" content=\"Aikido - L&#039;A\u00efkido se distingue des autres disciplines par la r\u00e9solution du conflit par le moyen de l\u2019unification du ki et non son opposition\" \/>\n<meta name=\"robots\" content=\"index, follow, max-snippet:-1, max-image-preview:large, max-video-preview:-1\" \/>\n<link rel=\"canonical\" href=\"https:\/\/www.etam31.com\/index.php\/aikido\/\" \/>\n<meta property=\"og:locale\" content=\"fr_FR\" \/>\n<meta property=\"og:type\" content=\"article\" \/>\n<meta property=\"og:title\" content=\"Aikido\" \/>\n<meta property=\"og:description\" content=\"Aikido - L&#039;A\u00efkido se distingue des autres disciplines par la r\u00e9solution du conflit par le moyen de l\u2019unification du ki et non son opposition\" \/>\n<meta property=\"og:url\" content=\"https:\/\/www.etam31.com\/index.php\/aikido\/\" \/>\n<meta property=\"og:site_name\" content=\"ECOLE TOULOUSAINE D\u2019ARTS MARTIAUX\" \/>\n<meta property=\"article:publisher\" content=\"https:\/\/fr-fr.facebook.com\/EcoleToulousaineArtsMartiaux31\/\" \/>\n<meta property=\"article:modified_time\" content=\"2025-09-14T20:40:10+00:00\" \/>\n<meta property=\"og:image\" content=\"https:\/\/www.etam31.com\/wp-content\/uploads\/2023\/03\/logo.jpg\" \/>\n\t<meta property=\"og:image:width\" content=\"955\" \/>\n\t<meta property=\"og:image:height\" content=\"951\" \/>\n\t<meta property=\"og:image:type\" content=\"image\/jpeg\" \/>\n<meta name=\"twitter:card\" content=\"summary_large_image\" \/>\n<meta name=\"twitter:label1\" content=\"Dur\u00e9e de lecture estim\u00e9e\" \/>\n\t<meta name=\"twitter:data1\" content=\"1 minute\" \/>\n<script type=\"application\/ld+json\" class=\"yoast-schema-graph\">{\"@context\":\"https:\/\/schema.org\",\"@graph\":[{\"@type\":\"WebPage\",\"@id\":\"https:\/\/www.etam31.com\/index.php\/aikido\/\",\"url\":\"https:\/\/www.etam31.com\/index.php\/aikido\/\",\"name\":\"Aikido\",\"isPartOf\":{\"@id\":\"https:\/\/www.etam31.com\/#website\"},\"datePublished\":\"2023-03-14T09:35:20+00:00\",\"dateModified\":\"2025-09-14T20:40:10+00:00\",\"description\":\"Aikido - L'A\u00efkido se distingue des autres disciplines par la r\u00e9solution du conflit par le moyen de l\u2019unification du ki et non son opposition\",\"breadcrumb\":{\"@id\":\"https:\/\/www.etam31.com\/index.php\/aikido\/#breadcrumb\"},\"inLanguage\":\"fr-FR\",\"potentialAction\":[{\"@type\":\"ReadAction\",\"target\":[\"https:\/\/www.etam31.com\/index.php\/aikido\/\"]}]},{\"@type\":\"BreadcrumbList\",\"@id\":\"https:\/\/www.etam31.com\/index.php\/aikido\/#breadcrumb\",\"itemListElement\":[{\"@type\":\"ListItem\",\"position\":1,\"name\":\"Accueil\",\"item\":\"https:\/\/www.etam31.com\/\"},{\"@type\":\"ListItem\",\"position\":2,\"name\":\"Aikido\"}]},{\"@type\":\"WebSite\",\"@id\":\"https:\/\/www.etam31.com\/#website\",\"url\":\"https:\/\/www.etam31.com\/\",\"name\":\"ECOLE TOULOUSAINE D\u2019ARTS MARTIAUX\",\"description\":\"Plus d&#039;UN DEMI SI\u00c8CLE D\u2019EXISTENCE, LE PLUS ANCIEN CLUB D\u2019ARTS MARTIAUX TOULOUSAIN ...\",\"publisher\":{\"@id\":\"https:\/\/www.etam31.com\/#organization\"},\"alternateName\":\"ETAM31\",\"potentialAction\":[{\"@type\":\"SearchAction\",\"target\":{\"@type\":\"EntryPoint\",\"urlTemplate\":\"https:\/\/www.etam31.com\/?s={search_term_string}\"},\"query-input\":{\"@type\":\"PropertyValueSpecification\",\"valueRequired\":true,\"valueName\":\"search_term_string\"}}],\"inLanguage\":\"fr-FR\"},{\"@type\":\"Organization\",\"@id\":\"https:\/\/www.etam31.com\/#organization\",\"name\":\"ECOLE TOULOUSAINE D\u2019ARTS MARTIAUX\",\"alternateName\":\"ETAM\",\"url\":\"https:\/\/www.etam31.com\/\",\"logo\":{\"@type\":\"ImageObject\",\"inLanguage\":\"fr-FR\",\"@id\":\"https:\/\/www.etam31.com\/#\/schema\/logo\/image\/\",\"url\":\"https:\/\/www.etam31.com\/wp-content\/uploads\/2023\/03\/logo.jpg\",\"contentUrl\":\"https:\/\/www.etam31.com\/wp-content\/uploads\/2023\/03\/logo.jpg\",\"width\":955,\"height\":951,\"caption\":\"ECOLE TOULOUSAINE D\u2019ARTS MARTIAUX\"},\"image\":{\"@id\":\"https:\/\/www.etam31.com\/#\/schema\/logo\/image\/\"},\"sameAs\":[\"https:\/\/fr-fr.facebook.com\/EcoleToulousaineArtsMartiaux31\/\"]}]}<\/script>\n<!-- \/ Yoast SEO plugin. -->","yoast_head_json":{"title":"Aikido","description":"Aikido - L'A\u00efkido se distingue des autres disciplines par la r\u00e9solution du conflit par le moyen de l\u2019unification du ki et non son opposition","robots":{"index":"index","follow":"follow","max-snippet":"max-snippet:-1","max-image-preview":"max-image-preview:large","max-video-preview":"max-video-preview:-1"},"canonical":"https:\/\/www.etam31.com\/index.php\/aikido\/","og_locale":"fr_FR","og_type":"article","og_title":"Aikido","og_description":"Aikido - L'A\u00efkido se distingue des autres disciplines par la r\u00e9solution du conflit par le moyen de l\u2019unification du ki et non son opposition","og_url":"https:\/\/www.etam31.com\/index.php\/aikido\/","og_site_name":"ECOLE TOULOUSAINE D\u2019ARTS MARTIAUX","article_publisher":"https:\/\/fr-fr.facebook.com\/EcoleToulousaineArtsMartiaux31\/","article_modified_time":"2025-09-14T20:40:10+00:00","og_image":[{"width":955,"height":951,"url":"https:\/\/www.etam31.com\/wp-content\/uploads\/2023\/03\/logo.jpg","type":"image\/jpeg"}],"twitter_card":"summary_large_image","twitter_misc":{"Dur\u00e9e de lecture estim\u00e9e":"1 minute"},"schema":{"@context":"https:\/\/schema.org","@graph":[{"@type":"WebPage","@id":"https:\/\/www.etam31.com\/index.php\/aikido\/","url":"https:\/\/www.etam31.com\/index.php\/aikido\/","name":"Aikido","isPartOf":{"@id":"https:\/\/www.etam31.com\/#website"},"datePublished":"2023-03-14T09:35:20+00:00","dateModified":"2025-09-14T20:40:10+00:00","description":"Aikido - L'A\u00efkido se distingue des autres disciplines par la r\u00e9solution du conflit par le moyen de l\u2019unification du ki et non son opposition","breadcrumb":{"@id":"https:\/\/www.etam31.com\/index.php\/aikido\/#breadcrumb"},"inLanguage":"fr-FR","potentialAction":[{"@type":"ReadAction","target":["https:\/\/www.etam31.com\/index.php\/aikido\/"]}]},{"@type":"BreadcrumbList","@id":"https:\/\/www.etam31.com\/index.php\/aikido\/#breadcrumb","itemListElement":[{"@type":"ListItem","position":1,"name":"Accueil","item":"https:\/\/www.etam31.com\/"},{"@type":"ListItem","position":2,"name":"Aikido"}]},{"@type":"WebSite","@id":"https:\/\/www.etam31.com\/#website","url":"https:\/\/www.etam31.com\/","name":"ECOLE TOULOUSAINE D\u2019ARTS MARTIAUX","description":"Plus d&#039;UN DEMI SI\u00c8CLE D\u2019EXISTENCE, LE PLUS ANCIEN CLUB D\u2019ARTS MARTIAUX TOULOUSAIN ...","publisher":{"@id":"https:\/\/www.etam31.com\/#organization"},"alternateName":"ETAM31","potentialAction":[{"@type":"SearchAction","target":{"@type":"EntryPoint","urlTemplate":"https:\/\/www.etam31.com\/?s={search_term_string}"},"query-input":{"@type":"PropertyValueSpecification","valueRequired":true,"valueName":"search_term_string"}}],"inLanguage":"fr-FR"},{"@type":"Organization","@id":"https:\/\/www.etam31.com\/#organization","name":"ECOLE TOULOUSAINE D\u2019ARTS MARTIAUX","alternateName":"ETAM","url":"https:\/\/www.etam31.com\/","logo":{"@type":"ImageObject","inLanguage":"fr-FR","@id":"https:\/\/www.etam31.com\/#\/schema\/logo\/image\/","url":"https:\/\/www.etam31.com\/wp-content\/uploads\/2023\/03\/logo.jpg","contentUrl":"https:\/\/www.etam31.com\/wp-content\/uploads\/2023\/03\/logo.jpg","width":955,"height":951,"caption":"ECOLE TOULOUSAINE D\u2019ARTS MARTIAUX"},"image":{"@id":"https:\/\/www.etam31.com\/#\/schema\/logo\/image\/"},"sameAs":["https:\/\/fr-fr.facebook.com\/EcoleToulousaineArtsMartiaux31\/"]}]}},"_links":{"self":[{"href":"https:\/\/www.etam31.com\/index.php\/wp-json\/wp\/v2\/pages\/26","targetHints":{"allow":["GET"]}}],"collection":[{"href":"https:\/\/www.etam31.com\/index.php\/wp-json\/wp\/v2\/pages"}],"about":[{"href":"https:\/\/www.etam31.com\/index.php\/wp-json\/wp\/v2\/types\/page"}],"author":[{"embeddable":true,"href":"https:\/\/www.etam31.com\/index.php\/wp-json\/wp\/v2\/users\/2"}],"replies":[{"embeddable":true,"href":"https:\/\/www.etam31.com\/index.php\/wp-json\/wp\/v2\/comments?post=26"}],"version-history":[{"count":8,"href":"https:\/\/www.etam31.com\/index.php\/wp-json\/wp\/v2\/pages\/26\/revisions"}],"predecessor-version":[{"id":964,"href":"https:\/\/www.etam31.com\/index.php\/wp-json\/wp\/v2\/pages\/26\/revisions\/964"}],"wp:attachment":[{"href":"https:\/\/www.etam31.com\/index.php\/wp-json\/wp\/v2\/media?parent=26"}],"curies":[{"name":"wp","href":"https:\/\/api.w.org\/{rel}","templated":true}]}}