{"id":219,"date":"2023-03-15T12:39:52","date_gmt":"2023-03-15T11:39:52","guid":{"rendered":"https:\/\/www.etam31.com\/?page_id=219"},"modified":"2025-09-16T15:34:12","modified_gmt":"2025-09-16T13:34:12","slug":"inscription-tarifs","status":"publish","type":"page","link":"https:\/\/www.etam31.com\/index.php\/inscription-tarifs\/","title":{"rendered":"Inscription \/ Tarifs"},"content":{"rendered":"\n<h2 class=\"wp-block-heading has-vivid-red-color has-text-color\">Inscriptions :<\/h2>\n\n\n\n<p>Avant toute inscription, vous pouvez contacter les enseignants (voir sur la page de chaque discipline) ou venir au Dojo pour un cours d\u2019essai (un certificat m\u00e9dical est n\u00e9cessaire:<\/p>\n\n\n\n<p>Vous souhaitez vous inscrire?<br>Imprimez la <a href=\"https:\/\/www.etam31.com\/wp-content\/uploads\/2025\/08\/inscription_etam_2025.pdf\" data-type=\"attachment\" data-id=\"251\">fiche d\u2019inscription en ligne&nbsp;ici<\/a>&nbsp;et apportez la au club pr\u00e9-remplie.<\/p>\n\n\n\n<p><strong>NOTE IMPORTANTE:<\/strong>&nbsp;en inscrivant votre enfant, vous devez signer notre formulaire de droit \u00e0 l&#8217;image <a href=\"https:\/\/www.etam31.com\/wp-content\/uploads\/2025\/08\/formulaire_droit_image_etam.pdf\" data-type=\"attachment\" data-id=\"251\">trouvable ici<\/a>.<\/p>\n\n\n\n<h2 class=\"wp-block-heading has-vivid-red-color has-text-color\">Tarifs :<\/h2>\n\n\n\n<p>Il existe des possibilit\u00e9s de tarifs r\u00e9duits sous conditions (voir paragraphes ci-dessous).<\/p>\n\n\n\n<p>Une adh\u00e9sion club donne acc\u00e8s \u00e0 l\u2019ensemble des pratiques du club. Poss\u00e9der une licence est obligatoire pour pratiquer.<br>Certaines disciplines qui ne peuvent \u00eatre pratiqu\u00e9 qu\u2019une fois par semaine peuvent donner lieu \u00e0 un tarif sp\u00e9cifique (voir condition ci-dessous).<\/p>\n\n\n\n<p>Ci-dessous, les tarifs pr\u00e9vus pour les:<\/p>\n\n\n\n<ul class=\"wp-block-list\">\n<li>adultes<\/li>\n\n\n\n<li>enfants<\/li>\n\n\n\n<li>familles<\/li>\n<\/ul>\n\n\n\n<p>Nous prenons les&nbsp;<strong>modes de paiements<\/strong>&nbsp;suivants:<\/p>\n\n\n\n<ul class=\"wp-block-list\">\n<li>virements bancaires<\/li>\n\n\n\n<li>ch\u00e8ques<\/li>\n\n\n\n<li>coupons sports<\/li>\n\n\n\n<li>ch\u00e8ques vacances<\/li>\n<\/ul>\n\n\n\n<p><strong>Le paiement en plusieurs fois est possible<\/strong>&nbsp;(voir conditions \u00e0 l\u2019inscription).<\/p>\n\n\n\n<p>En cas de d\u00e9marrage en cours d\u2019ann\u00e9e, un prorata sera appliqu\u00e9 sur l\u2019adh\u00e9sion. A voir lors de votre inscription.<\/p>\n\n\n\n<p>Vous avez besoin&nbsp;<strong>d\u2019une attestation de paiement<\/strong>&nbsp;(utile pour CE, aide, etc..)? Imprimez<strong> <a href=\"https:\/\/www.etam31.com\/wp-content\/uploads\/2025\/08\/attestation_paiement_2025.pdf\" data-type=\"attachment\" data-id=\"250\">la fiche se trouvant&nbsp;ici<\/a>.<\/strong> Retournez la \u00e0 votre professeur qui la communiquera au tr\u00e9sorier pour qu\u2019il la signe.<\/p>\n\n\n\n<p>Nous prenons aussi en compte la baisse d\u2019activit\u00e9 li\u00e9e au covid (voir paragraphe fin de page).<\/p>\n\n\n\n<p>Vous pouvez t\u00e9l\u00e9charger&nbsp;votre<strong>&nbsp;<a href=\"https:\/\/www.etam31.com\/wp-content\/uploads\/2023\/03\/Formulaire-Licence-FFJDA_ETAM.doc\" data-type=\"attachment\" data-id=\"252\">Formulaire Licence Judo&nbsp;&nbsp;ici<\/a><\/strong><a href=\"https:\/\/web.archive.org\/web\/20200224063702\/https:\/\/www.etam31.com\/wp-content\/uploads\/2012\/01\/Formulaire-Licence-FFJDA_ETAM.doc\">.<\/a>&nbsp;Retournez le rempli \u00e0 votre professeur JUDO.<\/p>\n\n\n\n<h3 class=\"wp-block-heading has-vivid-red-color has-text-color\">Cotisation Adulte:<\/h3>\n\n\n\n<p>Cette cotisation permet \u00e0 un adulte (ou adolescent de plus de 14 ans) l\u2019acc\u00e8s \u00e0 toutes les disciplines et tous les cr\u00e9neaux adultes du dojo<\/p>\n\n\n\n<figure class=\"wp-block-table\"><table><tbody><tr><th>Tarif annuel<\/th><th>Adh\u00e9sion Club<\/th><th>Licence<\/th><\/tr><tr><td>Prix de Base<\/td><td>230\u20ac<\/td><td>46\u20ac<\/td><\/tr><tr><td>Reduction Benevolat(*)<\/td><td>-20\u20ac<\/td><\/tr><tr><td>Reduction Pass\u2019Port(**)<\/td><td>-50\u20ac<\/td><\/tr><tr><td>Autres Reductions (***)<\/td><td>-15\u20ac<\/td><\/tr><\/tbody><\/table><\/figure>\n\n\n\n<p><strong>(*)<\/strong>&nbsp;R\u00e9duction contre inscription \u00e0 des cr\u00e9neaux de participation pour la vie du club (m\u00e9nage du dojo, distribution de tracts). D\u00e9tail \u00e0 demander lors de l\u2019inscription<br><br><strong>(**)<\/strong>&nbsp;Sur pr\u00e9sentation des pi\u00e8ces justificatives.&nbsp;<strong>Renseignez vous sur le pass\u2019port<\/strong>&nbsp;Vous avez moins de 17 ans? Vous avez moins de 28 ans et \u00eates Boursier? Vous \u00eates en situation de handicap? Vous y avez possiblement droit:&nbsp;<em><strong><a href=\"https:\/\/www.sports.gouv.fr\/pratiques-sportives\/sports-pour-tous\/pass-sport\/article\/le-pass-sport\" target=\"_blank\" rel=\"noreferrer noopener\">plus d\u2019informations ici<\/a><\/strong><\/em>. N\u2019h\u00e9sitez pas \u00e0 en parler lors de l\u2019inscription.<br><br><strong>(***)<\/strong>&nbsp;R\u00e9duction pour les cat\u00e9gories suivantes: \u00e9tudiants, demandeurs d\u2019emploi<\/p>\n\n\n\n<p><strong>Le cumul des r\u00e9ductions est possible.<\/strong><\/p>\n\n\n\n<h3 class=\"wp-block-heading has-vivid-red-color has-text-color\">Inscription Kyusho Seul<\/h3>\n\n\n\n<figure class=\"wp-block-table\"><table><tbody><tr><th><\/th><th>Base<\/th><th>Licence<\/th><\/tr><tr><td>Tarif annuel<\/td><td>150\u20ac<\/td><td>30\u20ac<\/td><\/tr><\/tbody><\/table><\/figure>\n\n\n\n<h3 class=\"wp-block-heading has-vivid-red-color has-text-color\">Inscription Gymnastique seule<\/h3>\n\n\n\n<p>L\u2019inscription \u00e0 la gymnastique seule se fait de mani\u00e8re mensuelle.<\/p>\n\n\n\n<figure class=\"wp-block-table\"><table><tbody><tr><td>Tarif Mensuel<\/td><td>25\u20ac<\/td><\/tr><\/tbody><\/table><\/figure>\n\n\n\n<h3 class=\"wp-block-heading has-vivid-red-color has-text-color\">Inscription Yoga Seul <\/h3>\n\n\n\n<figure class=\"wp-block-table\"><table><tbody><tr><th><\/th><th>Base<\/th><th>Licence<\/th><\/tr><tr><td>Tarif \u00e0 la s\u00e9ance<\/td><td>10 \u20ac<\/td><td>0 \u20ac<\/td><\/tr><\/tbody><\/table><\/figure>\n\n\n\n<h3 class=\"wp-block-heading has-vivid-red-color has-text-color\">Inscription M\u00e9ditation Active Seule<\/h3>\n\n\n\n<figure class=\"wp-block-table\"><table><tbody><tr><th><\/th><th>Base<\/th><th>Licence<\/th><\/tr><tr><td>Tarif annuel<\/td><td>150\u20ac<\/td><td>0 \u20ac<\/td><\/tr><\/tbody><\/table><\/figure>\n\n\n\n<h3 class=\"wp-block-heading has-vivid-red-color has-text-color\">Cotisation Enfant:<\/h3>\n\n\n\n<p>Cette cotisation s\u2019applique pour les enfants de moins de 14 ans.<\/p>\n\n\n\n<figure class=\"wp-block-table\"><table><tbody><tr><th>Tarif annuel<\/th><th>Adh\u00e9sion Club<\/th><th>Licence<\/th><\/tr><tr><td>Prix de Base<\/td><td>190\u20ac<\/td><td>46\u20ac<\/td><\/tr><tr><td>Reduction Pass\u2019Port(*)<\/td><td>-50\u20ac<\/td><\/tr><\/tbody><\/table><\/figure>\n\n\n\n<p><strong>(*)<\/strong>&nbsp;Sur pr\u00e9sentation des pi\u00e8ces justificatives.&nbsp;<strong>Renseignez vous sur le pass\u2019port<\/strong>&nbsp;Vous avez moins de 17 ans? Vous avez moins de 28 ans et \u00eates Boursier? Vous \u00eates en situation de handicap? Vous y avez possiblement droit:&nbsp;<em><strong><a href=\"https:\/\/www.sports.gouv.fr\/pratiques-sportives\/sports-pour-tous\/pass-sport\/article\/le-pass-sport\" target=\"_blank\" rel=\"noreferrer noopener\">plus d\u2019informations ici<\/a><\/strong><\/em>. N\u2019h\u00e9sitez pas \u00e0 en parler lors de l\u2019inscription.<br><\/p>\n\n\n\n<h3 class=\"wp-block-heading has-vivid-red-color has-text-color\">Inscription Karat\u00e9 enfant Seul<\/h3>\n\n\n\n<figure class=\"wp-block-table\"><table><tbody><tr><th><\/th><th>Base<\/th><th>Licence<\/th><\/tr><tr><td>Tarif annuel<\/td><td>150\u20ac<\/td><td>46\u20ac<\/td><\/tr><tr><td>Reduction Pass\u2019Port(*)<\/td><td>-50\u20ac<\/td><\/tr><\/tbody><\/table><\/figure>\n\n\n\n<p><strong>(*)<\/strong>&nbsp;Sur pr\u00e9sentation des pi\u00e8ces justificatives.&nbsp;<strong>Renseignez vous sur le pass\u2019port<\/strong>&nbsp;Vous avez moins de 17 ans? Vous avez moins de 28 ans et \u00eates Boursier? Vous \u00eates en situation de handicap? Vous y avez possiblement droit:&nbsp;<em><strong><a href=\"https:\/\/www.sports.gouv.fr\/pratiques-sportives\/sports-pour-tous\/pass-sport\/article\/le-pass-sport\" target=\"_blank\" rel=\"noreferrer noopener\">plus d\u2019informations ici<\/a><\/strong><\/em>. N\u2019h\u00e9sitez pas \u00e0 en parler lors de l\u2019inscription.<br><\/p>\n\n\n\n<h3 class=\"wp-block-heading has-vivid-red-color has-text-color\">Cotisation Famille\/Groupe:<\/h3>\n\n\n\n<p>Une cotisation famille est disponible si plusieurs personnes d\u2019une m\u00eame famille souhaitent s\u2019inscrire:<\/p>\n\n\n\n<figure class=\"wp-block-table\"><table><tbody><tr><td>Tarif annuel<\/td><td>330\u20ac<\/td><\/tr><\/tbody><\/table><\/figure>\n\n\n\n<h3 class=\"wp-block-heading has-vivid-red-color has-text-color\">Impact covid sur les tarifs :<\/h3>\n\n\n\n<p>En cas de covid, certaines activit\u00e9s peuvent \u00eatre maintenues ou d\u00e9grad\u00e9es en plein air (\u00e0 voir au cas par cas).<\/p>\n\n\n\n<p>Si les cours ne peuvent pas \u00eatre assur\u00e9s \u00e0 cause des directives sanitaires, un avoir du nombre de mois non pratiqu\u00e9 (calcul au prorata) sera appliqu\u00e9 sur l\u2019inscription de l\u2019ann\u00e9e prochaine. Ainsi les adh\u00e9rents concern\u00e9s paieront le prix \u00e0 l\u2019ann\u00e9e auquel sera retranch\u00e9 cet avoir. Ceci est reconductible en cas de nouvelle cl\u00f4ture.<\/p>\n","protected":false},"excerpt":{"rendered":"<p>Inscriptions : Avant toute inscription, vous pouvez contacter les enseignants (voir sur la page de chaque discipline) ou venir au Dojo pour un cours d\u2019essai (un certificat m\u00e9dical est n\u00e9cessaire: Vous souhaitez vous inscrire?Imprimez la fiche d\u2019inscription en ligne&nbsp;ici&nbsp;et apportez la au club pr\u00e9-remplie. NOTE IMPORTANTE:&nbsp;en inscrivant votre enfant, vous devez signer notre formulaire de [&hellip;]<\/p>\n","protected":false},"author":2,"featured_media":0,"parent":0,"menu_order":0,"comment_status":"closed","ping_status":"closed","template":"","meta":{"_mc_calendar":[],"footnotes":""},"class_list":["post-219","page","type-page","status-publish","hentry"],"yoast_head":"<!-- This site is optimized with the Yoast SEO plugin v26.5 - https:\/\/yoast.com\/wordpress\/plugins\/seo\/ -->\n<title>Inscription \/ Tarifs<\/title>\n<meta name=\"description\" content=\"Inscription \/ Tarifs - Les tarifs de l&#039;ETAM pour la saison en cours, une adh\u00e9sion club permet de pratiquer toutes les disciplines\" \/>\n<meta name=\"robots\" content=\"index, follow, max-snippet:-1, max-image-preview:large, max-video-preview:-1\" \/>\n<link rel=\"canonical\" href=\"https:\/\/www.etam31.com\/index.php\/inscription-tarifs\/\" \/>\n<meta property=\"og:locale\" content=\"fr_FR\" \/>\n<meta property=\"og:type\" content=\"article\" \/>\n<meta property=\"og:title\" content=\"Inscription \/ Tarifs\" \/>\n<meta property=\"og:description\" content=\"Inscription \/ Tarifs - Les tarifs de l&#039;ETAM pour la saison en cours, une adh\u00e9sion club permet de pratiquer toutes les disciplines\" \/>\n<meta property=\"og:url\" content=\"https:\/\/www.etam31.com\/index.php\/inscription-tarifs\/\" \/>\n<meta property=\"og:site_name\" content=\"ECOLE TOULOUSAINE D\u2019ARTS MARTIAUX\" \/>\n<meta property=\"article:publisher\" content=\"https:\/\/fr-fr.facebook.com\/EcoleToulousaineArtsMartiaux31\/\" \/>\n<meta property=\"article:modified_time\" content=\"2025-09-16T13:34:12+00:00\" \/>\n<meta property=\"og:image\" content=\"https:\/\/www.etam31.com\/wp-content\/uploads\/2023\/03\/logo.jpg\" \/>\n\t<meta property=\"og:image:width\" content=\"955\" \/>\n\t<meta property=\"og:image:height\" content=\"951\" \/>\n\t<meta property=\"og:image:type\" content=\"image\/jpeg\" \/>\n<meta name=\"twitter:card\" content=\"summary_large_image\" \/>\n<meta name=\"twitter:label1\" content=\"Dur\u00e9e de lecture estim\u00e9e\" \/>\n\t<meta name=\"twitter:data1\" content=\"4 minutes\" \/>\n<script type=\"application\/ld+json\" class=\"yoast-schema-graph\">{\"@context\":\"https:\/\/schema.org\",\"@graph\":[{\"@type\":\"WebPage\",\"@id\":\"https:\/\/www.etam31.com\/index.php\/inscription-tarifs\/\",\"url\":\"https:\/\/www.etam31.com\/index.php\/inscription-tarifs\/\",\"name\":\"Inscription \/ Tarifs\",\"isPartOf\":{\"@id\":\"https:\/\/www.etam31.com\/#website\"},\"datePublished\":\"2023-03-15T11:39:52+00:00\",\"dateModified\":\"2025-09-16T13:34:12+00:00\",\"description\":\"Inscription \/ Tarifs - Les tarifs de l'ETAM pour la saison en cours, une adh\u00e9sion club permet de pratiquer toutes les disciplines\",\"breadcrumb\":{\"@id\":\"https:\/\/www.etam31.com\/index.php\/inscription-tarifs\/#breadcrumb\"},\"inLanguage\":\"fr-FR\",\"potentialAction\":[{\"@type\":\"ReadAction\",\"target\":[\"https:\/\/www.etam31.com\/index.php\/inscription-tarifs\/\"]}]},{\"@type\":\"BreadcrumbList\",\"@id\":\"https:\/\/www.etam31.com\/index.php\/inscription-tarifs\/#breadcrumb\",\"itemListElement\":[{\"@type\":\"ListItem\",\"position\":1,\"name\":\"Accueil\",\"item\":\"https:\/\/www.etam31.com\/\"},{\"@type\":\"ListItem\",\"position\":2,\"name\":\"Inscription \/ Tarifs\"}]},{\"@type\":\"WebSite\",\"@id\":\"https:\/\/www.etam31.com\/#website\",\"url\":\"https:\/\/www.etam31.com\/\",\"name\":\"ECOLE TOULOUSAINE D\u2019ARTS MARTIAUX\",\"description\":\"Plus d&#039;UN DEMI SI\u00c8CLE D\u2019EXISTENCE, LE PLUS ANCIEN CLUB D\u2019ARTS MARTIAUX TOULOUSAIN ...\",\"publisher\":{\"@id\":\"https:\/\/www.etam31.com\/#organization\"},\"alternateName\":\"ETAM31\",\"potentialAction\":[{\"@type\":\"SearchAction\",\"target\":{\"@type\":\"EntryPoint\",\"urlTemplate\":\"https:\/\/www.etam31.com\/?s={search_term_string}\"},\"query-input\":{\"@type\":\"PropertyValueSpecification\",\"valueRequired\":true,\"valueName\":\"search_term_string\"}}],\"inLanguage\":\"fr-FR\"},{\"@type\":\"Organization\",\"@id\":\"https:\/\/www.etam31.com\/#organization\",\"name\":\"ECOLE TOULOUSAINE D\u2019ARTS MARTIAUX\",\"alternateName\":\"ETAM\",\"url\":\"https:\/\/www.etam31.com\/\",\"logo\":{\"@type\":\"ImageObject\",\"inLanguage\":\"fr-FR\",\"@id\":\"https:\/\/www.etam31.com\/#\/schema\/logo\/image\/\",\"url\":\"https:\/\/www.etam31.com\/wp-content\/uploads\/2023\/03\/logo.jpg\",\"contentUrl\":\"https:\/\/www.etam31.com\/wp-content\/uploads\/2023\/03\/logo.jpg\",\"width\":955,\"height\":951,\"caption\":\"ECOLE TOULOUSAINE D\u2019ARTS MARTIAUX\"},\"image\":{\"@id\":\"https:\/\/www.etam31.com\/#\/schema\/logo\/image\/\"},\"sameAs\":[\"https:\/\/fr-fr.facebook.com\/EcoleToulousaineArtsMartiaux31\/\"]}]}<\/script>\n<!-- \/ Yoast SEO plugin. -->","yoast_head_json":{"title":"Inscription \/ Tarifs","description":"Inscription \/ Tarifs - Les tarifs de l'ETAM pour la saison en cours, une adh\u00e9sion club permet de pratiquer toutes les disciplines","robots":{"index":"index","follow":"follow","max-snippet":"max-snippet:-1","max-image-preview":"max-image-preview:large","max-video-preview":"max-video-preview:-1"},"canonical":"https:\/\/www.etam31.com\/index.php\/inscription-tarifs\/","og_locale":"fr_FR","og_type":"article","og_title":"Inscription \/ Tarifs","og_description":"Inscription \/ Tarifs - Les tarifs de l'ETAM pour la saison en cours, une adh\u00e9sion club permet de pratiquer toutes les disciplines","og_url":"https:\/\/www.etam31.com\/index.php\/inscription-tarifs\/","og_site_name":"ECOLE TOULOUSAINE D\u2019ARTS MARTIAUX","article_publisher":"https:\/\/fr-fr.facebook.com\/EcoleToulousaineArtsMartiaux31\/","article_modified_time":"2025-09-16T13:34:12+00:00","og_image":[{"width":955,"height":951,"url":"https:\/\/www.etam31.com\/wp-content\/uploads\/2023\/03\/logo.jpg","type":"image\/jpeg"}],"twitter_card":"summary_large_image","twitter_misc":{"Dur\u00e9e de lecture estim\u00e9e":"4 minutes"},"schema":{"@context":"https:\/\/schema.org","@graph":[{"@type":"WebPage","@id":"https:\/\/www.etam31.com\/index.php\/inscription-tarifs\/","url":"https:\/\/www.etam31.com\/index.php\/inscription-tarifs\/","name":"Inscription \/ Tarifs","isPartOf":{"@id":"https:\/\/www.etam31.com\/#website"},"datePublished":"2023-03-15T11:39:52+00:00","dateModified":"2025-09-16T13:34:12+00:00","description":"Inscription \/ Tarifs - Les tarifs de l'ETAM pour la saison en cours, une adh\u00e9sion club permet de pratiquer toutes les disciplines","breadcrumb":{"@id":"https:\/\/www.etam31.com\/index.php\/inscription-tarifs\/#breadcrumb"},"inLanguage":"fr-FR","potentialAction":[{"@type":"ReadAction","target":["https:\/\/www.etam31.com\/index.php\/inscription-tarifs\/"]}]},{"@type":"BreadcrumbList","@id":"https:\/\/www.etam31.com\/index.php\/inscription-tarifs\/#breadcrumb","itemListElement":[{"@type":"ListItem","position":1,"name":"Accueil","item":"https:\/\/www.etam31.com\/"},{"@type":"ListItem","position":2,"name":"Inscription \/ Tarifs"}]},{"@type":"WebSite","@id":"https:\/\/www.etam31.com\/#website","url":"https:\/\/www.etam31.com\/","name":"ECOLE TOULOUSAINE D\u2019ARTS MARTIAUX","description":"Plus d&#039;UN DEMI SI\u00c8CLE D\u2019EXISTENCE, LE PLUS ANCIEN CLUB D\u2019ARTS MARTIAUX TOULOUSAIN ...","publisher":{"@id":"https:\/\/www.etam31.com\/#organization"},"alternateName":"ETAM31","potentialAction":[{"@type":"SearchAction","target":{"@type":"EntryPoint","urlTemplate":"https:\/\/www.etam31.com\/?s={search_term_string}"},"query-input":{"@type":"PropertyValueSpecification","valueRequired":true,"valueName":"search_term_string"}}],"inLanguage":"fr-FR"},{"@type":"Organization","@id":"https:\/\/www.etam31.com\/#organization","name":"ECOLE TOULOUSAINE D\u2019ARTS MARTIAUX","alternateName":"ETAM","url":"https:\/\/www.etam31.com\/","logo":{"@type":"ImageObject","inLanguage":"fr-FR","@id":"https:\/\/www.etam31.com\/#\/schema\/logo\/image\/","url":"https:\/\/www.etam31.com\/wp-content\/uploads\/2023\/03\/logo.jpg","contentUrl":"https:\/\/www.etam31.com\/wp-content\/uploads\/2023\/03\/logo.jpg","width":955,"height":951,"caption":"ECOLE TOULOUSAINE D\u2019ARTS MARTIAUX"},"image":{"@id":"https:\/\/www.etam31.com\/#\/schema\/logo\/image\/"},"sameAs":["https:\/\/fr-fr.facebook.com\/EcoleToulousaineArtsMartiaux31\/"]}]}},"_links":{"self":[{"href":"https:\/\/www.etam31.com\/index.php\/wp-json\/wp\/v2\/pages\/219","targetHints":{"allow":["GET"]}}],"collection":[{"href":"https:\/\/www.etam31.com\/index.php\/wp-json\/wp\/v2\/pages"}],"about":[{"href":"https:\/\/www.etam31.com\/index.php\/wp-json\/wp\/v2\/types\/page"}],"author":[{"embeddable":true,"href":"https:\/\/www.etam31.com\/index.php\/wp-json\/wp\/v2\/users\/2"}],"replies":[{"embeddable":true,"href":"https:\/\/www.etam31.com\/index.php\/wp-json\/wp\/v2\/comments?post=219"}],"version-history":[{"count":19,"href":"https:\/\/www.etam31.com\/index.php\/wp-json\/wp\/v2\/pages\/219\/revisions"}],"predecessor-version":[{"id":967,"href":"https:\/\/www.etam31.com\/index.php\/wp-json\/wp\/v2\/pages\/219\/revisions\/967"}],"wp:attachment":[{"href":"https:\/\/www.etam31.com\/index.php\/wp-json\/wp\/v2\/media?parent=219"}],"curies":[{"name":"wp","href":"https:\/\/api.w.org\/{rel}","templated":true}]}}