{"id":215,"date":"2023-03-15T12:35:14","date_gmt":"2023-03-15T11:35:14","guid":{"rendered":"https:\/\/www.etam31.com\/?page_id=215"},"modified":"2025-02-05T15:07:04","modified_gmt":"2025-02-05T14:07:04","slug":"contacts","status":"publish","type":"page","link":"https:\/\/www.etam31.com\/index.php\/contacts\/","title":{"rendered":"Contacts"},"content":{"rendered":"\n<h2 class=\"wp-block-heading\" id=\"Contact\"><\/h2>\n\n\n\n<h3 class=\"wp-block-heading\"><strong>PAR MAIL<\/strong> <\/h3>\n\n\n\n<p>Pour toute questions vous pouvez nous contacter au mail suivant:<br><a href=\"mailto:contact@etam31.com\">contact@etam31.com<\/a><\/p>\n\n\n\n<h3 class=\"wp-block-heading\"><strong>PAR TELEPHONE<\/strong><\/h3>\n\n\n\n<p>Nous avons plus de num\u00e9ro de t\u00e9l\u00e9phone, pour nous contacter utilisez l&#8217;adresse mail: <a href=\"mailto:contact@etam31.com\">contact@etam31.com<\/a><\/p>\n\n\n\n<h3 class=\"wp-block-heading\"><strong>PAR COURRIER<\/strong><\/h3>\n\n\n\n<p>ETAM<br>45 rue des fontaines,<br>3100 Toulouse.<strong><em>&nbsp;<\/em><\/strong><\/p>\n\n\n\n<h3 class=\"wp-block-heading\"><\/h3>\n","protected":false},"excerpt":{"rendered":"<p>PAR MAIL Pour toute questions vous pouvez nous contacter au mail suivant:contact@etam31.com PAR TELEPHONE Nous avons plus de num\u00e9ro de t\u00e9l\u00e9phone, pour nous contacter utilisez l&#8217;adresse mail: contact@etam31.com PAR COURRIER ETAM45 rue des fontaines,3100 Toulouse.&nbsp;<\/p>\n","protected":false},"author":2,"featured_media":0,"parent":0,"menu_order":0,"comment_status":"closed","ping_status":"closed","template":"","meta":{"_mc_calendar":[],"footnotes":""},"class_list":["post-215","page","type-page","status-publish","hentry"],"yoast_head":"<!-- This site is optimized with the Yoast SEO plugin v26.5 - https:\/\/yoast.com\/wordpress\/plugins\/seo\/ -->\n<title>Contacts<\/title>\n<meta name=\"description\" content=\"Contacts - Vous pouvez nous contacter par mail ou par t\u00e9l\u00e9phone. Nous essaierons de r\u00e9pondre aux plus vite \u00e0 vos questions.\" \/>\n<meta name=\"robots\" content=\"index, follow, max-snippet:-1, max-image-preview:large, max-video-preview:-1\" \/>\n<link rel=\"canonical\" href=\"https:\/\/www.etam31.com\/index.php\/contacts\/\" \/>\n<meta property=\"og:locale\" content=\"fr_FR\" \/>\n<meta property=\"og:type\" content=\"article\" \/>\n<meta property=\"og:title\" content=\"Contacts\" \/>\n<meta property=\"og:description\" content=\"Contacts - Vous pouvez nous contacter par mail ou par t\u00e9l\u00e9phone. Nous essaierons de r\u00e9pondre aux plus vite \u00e0 vos questions.\" \/>\n<meta property=\"og:url\" content=\"https:\/\/www.etam31.com\/index.php\/contacts\/\" \/>\n<meta property=\"og:site_name\" content=\"ECOLE TOULOUSAINE D\u2019ARTS MARTIAUX\" \/>\n<meta property=\"article:publisher\" content=\"https:\/\/fr-fr.facebook.com\/EcoleToulousaineArtsMartiaux31\/\" \/>\n<meta property=\"article:modified_time\" content=\"2025-02-05T14:07:04+00:00\" \/>\n<meta property=\"og:image\" content=\"https:\/\/www.etam31.com\/wp-content\/uploads\/2023\/03\/logo.jpg\" \/>\n\t<meta property=\"og:image:width\" content=\"955\" \/>\n\t<meta property=\"og:image:height\" content=\"951\" \/>\n\t<meta property=\"og:image:type\" content=\"image\/jpeg\" \/>\n<meta name=\"twitter:card\" content=\"summary_large_image\" \/>\n<meta name=\"twitter:label1\" content=\"Dur\u00e9e de lecture estim\u00e9e\" \/>\n\t<meta name=\"twitter:data1\" content=\"1 minute\" \/>\n<script type=\"application\/ld+json\" class=\"yoast-schema-graph\">{\"@context\":\"https:\/\/schema.org\",\"@graph\":[{\"@type\":\"WebPage\",\"@id\":\"https:\/\/www.etam31.com\/index.php\/contacts\/\",\"url\":\"https:\/\/www.etam31.com\/index.php\/contacts\/\",\"name\":\"Contacts\",\"isPartOf\":{\"@id\":\"https:\/\/www.etam31.com\/#website\"},\"datePublished\":\"2023-03-15T11:35:14+00:00\",\"dateModified\":\"2025-02-05T14:07:04+00:00\",\"description\":\"Contacts - Vous pouvez nous contacter par mail ou par t\u00e9l\u00e9phone. Nous essaierons de r\u00e9pondre aux plus vite \u00e0 vos questions.\",\"breadcrumb\":{\"@id\":\"https:\/\/www.etam31.com\/index.php\/contacts\/#breadcrumb\"},\"inLanguage\":\"fr-FR\",\"potentialAction\":[{\"@type\":\"ReadAction\",\"target\":[\"https:\/\/www.etam31.com\/index.php\/contacts\/\"]}]},{\"@type\":\"BreadcrumbList\",\"@id\":\"https:\/\/www.etam31.com\/index.php\/contacts\/#breadcrumb\",\"itemListElement\":[{\"@type\":\"ListItem\",\"position\":1,\"name\":\"Accueil\",\"item\":\"https:\/\/www.etam31.com\/\"},{\"@type\":\"ListItem\",\"position\":2,\"name\":\"Contacts\"}]},{\"@type\":\"WebSite\",\"@id\":\"https:\/\/www.etam31.com\/#website\",\"url\":\"https:\/\/www.etam31.com\/\",\"name\":\"ECOLE TOULOUSAINE D\u2019ARTS MARTIAUX\",\"description\":\"Plus d&#039;UN DEMI SI\u00c8CLE D\u2019EXISTENCE, LE PLUS ANCIEN CLUB D\u2019ARTS MARTIAUX TOULOUSAIN ...\",\"publisher\":{\"@id\":\"https:\/\/www.etam31.com\/#organization\"},\"alternateName\":\"ETAM31\",\"potentialAction\":[{\"@type\":\"SearchAction\",\"target\":{\"@type\":\"EntryPoint\",\"urlTemplate\":\"https:\/\/www.etam31.com\/?s={search_term_string}\"},\"query-input\":{\"@type\":\"PropertyValueSpecification\",\"valueRequired\":true,\"valueName\":\"search_term_string\"}}],\"inLanguage\":\"fr-FR\"},{\"@type\":\"Organization\",\"@id\":\"https:\/\/www.etam31.com\/#organization\",\"name\":\"ECOLE TOULOUSAINE D\u2019ARTS MARTIAUX\",\"alternateName\":\"ETAM\",\"url\":\"https:\/\/www.etam31.com\/\",\"logo\":{\"@type\":\"ImageObject\",\"inLanguage\":\"fr-FR\",\"@id\":\"https:\/\/www.etam31.com\/#\/schema\/logo\/image\/\",\"url\":\"https:\/\/www.etam31.com\/wp-content\/uploads\/2023\/03\/logo.jpg\",\"contentUrl\":\"https:\/\/www.etam31.com\/wp-content\/uploads\/2023\/03\/logo.jpg\",\"width\":955,\"height\":951,\"caption\":\"ECOLE TOULOUSAINE D\u2019ARTS MARTIAUX\"},\"image\":{\"@id\":\"https:\/\/www.etam31.com\/#\/schema\/logo\/image\/\"},\"sameAs\":[\"https:\/\/fr-fr.facebook.com\/EcoleToulousaineArtsMartiaux31\/\"]}]}<\/script>\n<!-- \/ Yoast SEO plugin. -->","yoast_head_json":{"title":"Contacts","description":"Contacts - Vous pouvez nous contacter par mail ou par t\u00e9l\u00e9phone. Nous essaierons de r\u00e9pondre aux plus vite \u00e0 vos questions.","robots":{"index":"index","follow":"follow","max-snippet":"max-snippet:-1","max-image-preview":"max-image-preview:large","max-video-preview":"max-video-preview:-1"},"canonical":"https:\/\/www.etam31.com\/index.php\/contacts\/","og_locale":"fr_FR","og_type":"article","og_title":"Contacts","og_description":"Contacts - Vous pouvez nous contacter par mail ou par t\u00e9l\u00e9phone. Nous essaierons de r\u00e9pondre aux plus vite \u00e0 vos questions.","og_url":"https:\/\/www.etam31.com\/index.php\/contacts\/","og_site_name":"ECOLE TOULOUSAINE D\u2019ARTS MARTIAUX","article_publisher":"https:\/\/fr-fr.facebook.com\/EcoleToulousaineArtsMartiaux31\/","article_modified_time":"2025-02-05T14:07:04+00:00","og_image":[{"width":955,"height":951,"url":"https:\/\/www.etam31.com\/wp-content\/uploads\/2023\/03\/logo.jpg","type":"image\/jpeg"}],"twitter_card":"summary_large_image","twitter_misc":{"Dur\u00e9e de lecture estim\u00e9e":"1 minute"},"schema":{"@context":"https:\/\/schema.org","@graph":[{"@type":"WebPage","@id":"https:\/\/www.etam31.com\/index.php\/contacts\/","url":"https:\/\/www.etam31.com\/index.php\/contacts\/","name":"Contacts","isPartOf":{"@id":"https:\/\/www.etam31.com\/#website"},"datePublished":"2023-03-15T11:35:14+00:00","dateModified":"2025-02-05T14:07:04+00:00","description":"Contacts - Vous pouvez nous contacter par mail ou par t\u00e9l\u00e9phone. Nous essaierons de r\u00e9pondre aux plus vite \u00e0 vos questions.","breadcrumb":{"@id":"https:\/\/www.etam31.com\/index.php\/contacts\/#breadcrumb"},"inLanguage":"fr-FR","potentialAction":[{"@type":"ReadAction","target":["https:\/\/www.etam31.com\/index.php\/contacts\/"]}]},{"@type":"BreadcrumbList","@id":"https:\/\/www.etam31.com\/index.php\/contacts\/#breadcrumb","itemListElement":[{"@type":"ListItem","position":1,"name":"Accueil","item":"https:\/\/www.etam31.com\/"},{"@type":"ListItem","position":2,"name":"Contacts"}]},{"@type":"WebSite","@id":"https:\/\/www.etam31.com\/#website","url":"https:\/\/www.etam31.com\/","name":"ECOLE TOULOUSAINE D\u2019ARTS MARTIAUX","description":"Plus d&#039;UN DEMI SI\u00c8CLE D\u2019EXISTENCE, LE PLUS ANCIEN CLUB D\u2019ARTS MARTIAUX TOULOUSAIN ...","publisher":{"@id":"https:\/\/www.etam31.com\/#organization"},"alternateName":"ETAM31","potentialAction":[{"@type":"SearchAction","target":{"@type":"EntryPoint","urlTemplate":"https:\/\/www.etam31.com\/?s={search_term_string}"},"query-input":{"@type":"PropertyValueSpecification","valueRequired":true,"valueName":"search_term_string"}}],"inLanguage":"fr-FR"},{"@type":"Organization","@id":"https:\/\/www.etam31.com\/#organization","name":"ECOLE TOULOUSAINE D\u2019ARTS MARTIAUX","alternateName":"ETAM","url":"https:\/\/www.etam31.com\/","logo":{"@type":"ImageObject","inLanguage":"fr-FR","@id":"https:\/\/www.etam31.com\/#\/schema\/logo\/image\/","url":"https:\/\/www.etam31.com\/wp-content\/uploads\/2023\/03\/logo.jpg","contentUrl":"https:\/\/www.etam31.com\/wp-content\/uploads\/2023\/03\/logo.jpg","width":955,"height":951,"caption":"ECOLE TOULOUSAINE D\u2019ARTS MARTIAUX"},"image":{"@id":"https:\/\/www.etam31.com\/#\/schema\/logo\/image\/"},"sameAs":["https:\/\/fr-fr.facebook.com\/EcoleToulousaineArtsMartiaux31\/"]}]}},"_links":{"self":[{"href":"https:\/\/www.etam31.com\/index.php\/wp-json\/wp\/v2\/pages\/215","targetHints":{"allow":["GET"]}}],"collection":[{"href":"https:\/\/www.etam31.com\/index.php\/wp-json\/wp\/v2\/pages"}],"about":[{"href":"https:\/\/www.etam31.com\/index.php\/wp-json\/wp\/v2\/types\/page"}],"author":[{"embeddable":true,"href":"https:\/\/www.etam31.com\/index.php\/wp-json\/wp\/v2\/users\/2"}],"replies":[{"embeddable":true,"href":"https:\/\/www.etam31.com\/index.php\/wp-json\/wp\/v2\/comments?post=215"}],"version-history":[{"count":9,"href":"https:\/\/www.etam31.com\/index.php\/wp-json\/wp\/v2\/pages\/215\/revisions"}],"predecessor-version":[{"id":873,"href":"https:\/\/www.etam31.com\/index.php\/wp-json\/wp\/v2\/pages\/215\/revisions\/873"}],"wp:attachment":[{"href":"https:\/\/www.etam31.com\/index.php\/wp-json\/wp\/v2\/media?parent=215"}],"curies":[{"name":"wp","href":"https:\/\/api.w.org\/{rel}","templated":true}]}}