{"id":116,"date":"2023-03-14T14:08:53","date_gmt":"2023-03-14T13:08:53","guid":{"rendered":"http:\/\/www.etam31.com\/?page_id=116"},"modified":"2024-04-14T11:06:10","modified_gmt":"2024-04-14T09:06:10","slug":"les-debuts","status":"publish","type":"page","link":"https:\/\/www.etam31.com\/index.php\/les-debuts\/","title":{"rendered":"Les d\u00e9buts &#8230;"},"content":{"rendered":"\n<p><strong>L\u2019ETAM cr\u00e9\u00e9e en 1962 par Ma\u00eetre Camille Guiral<\/strong>, (d\u00e9claration du journal officiel le 18 f\u00e9vrier 1963) professeur dipl\u00f4m\u00e9 d\u2019\u00c9tat n\u00b0191, 7\u00e8me Degr\u00e9 O.P.J, ancien Responsable Technique National A\u00efkido. Fondateur de la premi\u00e8re ligue A\u00efkido Midi Pyr\u00e9n\u00e9es ACFA Membre du conseil Sup\u00e9rieur National de l\u2019Ordre des Professeurs de Judo.<\/p>\n\n\n\n<p>Il fit venir sur notre tatami de grands experts :<\/p>\n\n\n\n<ul class=\"wp-block-list\">\n<li>Les Ma\u00eetres Hashimoto, Kato, Hagiwara et Sangoku pour le Judo.<\/li>\n\n\n\n<li>Le Ma\u00eetre Tetsuji Murakami pour le Karat\u00e9.<\/li>\n\n\n\n<li>Les ma\u00eetres Tamura, Nakazono, Kitaura et Kanetsuka pour l\u2019A\u00efkido.<\/li>\n<\/ul>\n\n\n\n<p>Parcours de Ma\u00eetre Guiral :<\/p>\n\n\n\n<p><\/p>\n\n\n\n<figure class=\"wp-block-image size-full\"><img loading=\"lazy\" decoding=\"async\" width=\"642\" height=\"666\" src=\"https:\/\/www.etam31.com\/wp-content\/uploads\/2023\/03\/image002-fleches2.png\" alt=\"\" class=\"wp-image-117\" srcset=\"https:\/\/www.etam31.com\/wp-content\/uploads\/2023\/03\/image002-fleches2.png 642w, https:\/\/www.etam31.com\/wp-content\/uploads\/2023\/03\/image002-fleches2-289x300.png 289w\" sizes=\"auto, (max-width: 642px) 100vw, 642px\" \/><\/figure>\n\n\n\n<ul class=\"wp-block-list\">\n<li>d\u00e9bute le Judo en 1945 \u00e0 l\u2019\u00e2ge de 15 ans avec Ma\u00eetre Maurel (premi\u00e8re ceinture noire de la r\u00e9gion) au club de l\u2019ASPP (Association Sportive Police Pr\u00e9fecture).<\/li>\n\n\n\n<li>Puis en 1950 avec les fr\u00e8res Lasseres dans le club Olympe (rue Matabiau).<\/li>\n\n\n\n<li>De 1951 \u00e0 1953 les fr\u00e8res Lasseres firent venir Ma\u00eetre Yamamotto, puis Ma\u00eetre Ichiro Ab\u00e9 6\u00e8me Dan \u00e0 28 ans, mandat\u00e9 par le Kodokan.<\/li>\n\n\n\n<li>Ma\u00eetre Guiral re\u00e7ut des mains de ma\u00eetre Ab\u00e9 son premier grade du Kodokan.<\/li>\n\n\n\n<li>Il eu l\u2019honneur de suivre Ma\u00eetre Ab\u00e9 pendant son s\u00e9jour \u00e0 Toulouse, et de le transporter sur son scooter.<\/li>\n\n\n\n<li>En 1953 il fit le voyage Toulouse \u2013 Paris en scooter avec M. Lafont pour un passage de grade.<\/li>\n\n\n\n<li>Il commen\u00e7a \u00e0 enseigner au Tec club qu\u2019il cr\u00e9a, et par la suite : au Judo club d\u2019Albi, Carmaux, Naucelle, Decazeville, Montauban, Moissac, Valence d\u2019Agen, Auvillar, Saint-Nicolas de la Grave, Cornebarrieu, Judo club Capdenac Gare, etc.<\/li>\n\n\n\n<li>Il accueille Le 13 novembre 1964, en compagnie de Noro sense\u00ef et Nakazano sense\u00ef Ma\u00eetre Tamura sense\u00ef \u00e0 la descente du bateau a Marseille.<\/li>\n<\/ul>\n\n\n\n<p><strong>A la disparition du Ma\u00eetre<\/strong>\u2026 une poign\u00e9e d\u2019\u00e9l\u00e8ves, de toutes disciples confondues, d\u00e9cid\u00e8rent de continuer l\u2019action entreprise par ce dernier.<\/p>\n","protected":false},"excerpt":{"rendered":"<p>L\u2019ETAM cr\u00e9\u00e9e en 1962 par Ma\u00eetre Camille Guiral, (d\u00e9claration du journal officiel le 18 f\u00e9vrier 1963) professeur dipl\u00f4m\u00e9 d\u2019\u00c9tat n\u00b0191, 7\u00e8me Degr\u00e9 O.P.J, ancien Responsable Technique National A\u00efkido. Fondateur de la premi\u00e8re ligue A\u00efkido Midi Pyr\u00e9n\u00e9es ACFA Membre du conseil Sup\u00e9rieur National de l\u2019Ordre des Professeurs de Judo. Il fit venir sur notre tatami de [&hellip;]<\/p>\n","protected":false},"author":2,"featured_media":0,"parent":0,"menu_order":0,"comment_status":"closed","ping_status":"closed","template":"","meta":{"_mc_calendar":[],"footnotes":""},"class_list":["post-116","page","type-page","status-publish","hentry"],"yoast_head":"<!-- This site is optimized with the Yoast SEO plugin v26.5 - https:\/\/yoast.com\/wordpress\/plugins\/seo\/ -->\n<title>Les d\u00e9buts<\/title>\n<meta name=\"description\" content=\"Les d\u00e9buts - cr\u00e9\u00e9e en 1962 par Ma\u00eetre Guiral fondateur de l&#039;a\u00efkido en Midi-Pyr\u00e9n\u00e9es et ancien membre de l\u2019Ordre des Professeurs de Judo\" \/>\n<meta name=\"robots\" content=\"index, follow, max-snippet:-1, max-image-preview:large, max-video-preview:-1\" \/>\n<link rel=\"canonical\" href=\"https:\/\/www.etam31.com\/index.php\/les-debuts\/\" \/>\n<meta property=\"og:locale\" content=\"fr_FR\" \/>\n<meta property=\"og:type\" content=\"article\" \/>\n<meta property=\"og:title\" content=\"Les d\u00e9buts\" \/>\n<meta property=\"og:description\" content=\"Les d\u00e9buts - cr\u00e9\u00e9e en 1962 par Ma\u00eetre Guiral fondateur de l&#039;a\u00efkido en Midi-Pyr\u00e9n\u00e9es et ancien membre de l\u2019Ordre des Professeurs de Judo\" \/>\n<meta property=\"og:url\" content=\"https:\/\/www.etam31.com\/index.php\/les-debuts\/\" \/>\n<meta property=\"og:site_name\" content=\"ECOLE TOULOUSAINE D\u2019ARTS MARTIAUX\" \/>\n<meta property=\"article:publisher\" content=\"https:\/\/fr-fr.facebook.com\/EcoleToulousaineArtsMartiaux31\/\" \/>\n<meta property=\"article:modified_time\" content=\"2024-04-14T09:06:10+00:00\" \/>\n<meta property=\"og:image\" content=\"http:\/\/www.etam31.com\/wp-content\/uploads\/2023\/03\/image002-fleches2.png\" \/>\n<meta name=\"twitter:card\" content=\"summary_large_image\" \/>\n<meta name=\"twitter:label1\" content=\"Dur\u00e9e de lecture estim\u00e9e\" \/>\n\t<meta name=\"twitter:data1\" content=\"2 minutes\" \/>\n<script type=\"application\/ld+json\" class=\"yoast-schema-graph\">{\"@context\":\"https:\/\/schema.org\",\"@graph\":[{\"@type\":\"WebPage\",\"@id\":\"https:\/\/www.etam31.com\/index.php\/les-debuts\/\",\"url\":\"https:\/\/www.etam31.com\/index.php\/les-debuts\/\",\"name\":\"Les d\u00e9buts\",\"isPartOf\":{\"@id\":\"https:\/\/www.etam31.com\/#website\"},\"primaryImageOfPage\":{\"@id\":\"https:\/\/www.etam31.com\/index.php\/les-debuts\/#primaryimage\"},\"image\":{\"@id\":\"https:\/\/www.etam31.com\/index.php\/les-debuts\/#primaryimage\"},\"thumbnailUrl\":\"http:\/\/www.etam31.com\/wp-content\/uploads\/2023\/03\/image002-fleches2.png\",\"datePublished\":\"2023-03-14T13:08:53+00:00\",\"dateModified\":\"2024-04-14T09:06:10+00:00\",\"description\":\"Les d\u00e9buts - cr\u00e9\u00e9e en 1962 par Ma\u00eetre Guiral fondateur de l'a\u00efkido en Midi-Pyr\u00e9n\u00e9es et ancien membre de l\u2019Ordre des Professeurs de Judo\",\"breadcrumb\":{\"@id\":\"https:\/\/www.etam31.com\/index.php\/les-debuts\/#breadcrumb\"},\"inLanguage\":\"fr-FR\",\"potentialAction\":[{\"@type\":\"ReadAction\",\"target\":[\"https:\/\/www.etam31.com\/index.php\/les-debuts\/\"]}]},{\"@type\":\"ImageObject\",\"inLanguage\":\"fr-FR\",\"@id\":\"https:\/\/www.etam31.com\/index.php\/les-debuts\/#primaryimage\",\"url\":\"http:\/\/www.etam31.com\/wp-content\/uploads\/2023\/03\/image002-fleches2.png\",\"contentUrl\":\"http:\/\/www.etam31.com\/wp-content\/uploads\/2023\/03\/image002-fleches2.png\"},{\"@type\":\"BreadcrumbList\",\"@id\":\"https:\/\/www.etam31.com\/index.php\/les-debuts\/#breadcrumb\",\"itemListElement\":[{\"@type\":\"ListItem\",\"position\":1,\"name\":\"Accueil\",\"item\":\"https:\/\/www.etam31.com\/\"},{\"@type\":\"ListItem\",\"position\":2,\"name\":\"Les d\u00e9buts &#8230;\"}]},{\"@type\":\"WebSite\",\"@id\":\"https:\/\/www.etam31.com\/#website\",\"url\":\"https:\/\/www.etam31.com\/\",\"name\":\"ECOLE TOULOUSAINE D\u2019ARTS MARTIAUX\",\"description\":\"Plus d&#039;UN DEMI SI\u00c8CLE D\u2019EXISTENCE, LE PLUS ANCIEN CLUB D\u2019ARTS MARTIAUX TOULOUSAIN ...\",\"publisher\":{\"@id\":\"https:\/\/www.etam31.com\/#organization\"},\"alternateName\":\"ETAM31\",\"potentialAction\":[{\"@type\":\"SearchAction\",\"target\":{\"@type\":\"EntryPoint\",\"urlTemplate\":\"https:\/\/www.etam31.com\/?s={search_term_string}\"},\"query-input\":{\"@type\":\"PropertyValueSpecification\",\"valueRequired\":true,\"valueName\":\"search_term_string\"}}],\"inLanguage\":\"fr-FR\"},{\"@type\":\"Organization\",\"@id\":\"https:\/\/www.etam31.com\/#organization\",\"name\":\"ECOLE TOULOUSAINE D\u2019ARTS MARTIAUX\",\"alternateName\":\"ETAM\",\"url\":\"https:\/\/www.etam31.com\/\",\"logo\":{\"@type\":\"ImageObject\",\"inLanguage\":\"fr-FR\",\"@id\":\"https:\/\/www.etam31.com\/#\/schema\/logo\/image\/\",\"url\":\"https:\/\/www.etam31.com\/wp-content\/uploads\/2023\/03\/logo.jpg\",\"contentUrl\":\"https:\/\/www.etam31.com\/wp-content\/uploads\/2023\/03\/logo.jpg\",\"width\":955,\"height\":951,\"caption\":\"ECOLE TOULOUSAINE D\u2019ARTS MARTIAUX\"},\"image\":{\"@id\":\"https:\/\/www.etam31.com\/#\/schema\/logo\/image\/\"},\"sameAs\":[\"https:\/\/fr-fr.facebook.com\/EcoleToulousaineArtsMartiaux31\/\"]}]}<\/script>\n<!-- \/ Yoast SEO plugin. -->","yoast_head_json":{"title":"Les d\u00e9buts","description":"Les d\u00e9buts - cr\u00e9\u00e9e en 1962 par Ma\u00eetre Guiral fondateur de l'a\u00efkido en Midi-Pyr\u00e9n\u00e9es et ancien membre de l\u2019Ordre des Professeurs de Judo","robots":{"index":"index","follow":"follow","max-snippet":"max-snippet:-1","max-image-preview":"max-image-preview:large","max-video-preview":"max-video-preview:-1"},"canonical":"https:\/\/www.etam31.com\/index.php\/les-debuts\/","og_locale":"fr_FR","og_type":"article","og_title":"Les d\u00e9buts","og_description":"Les d\u00e9buts - cr\u00e9\u00e9e en 1962 par Ma\u00eetre Guiral fondateur de l'a\u00efkido en Midi-Pyr\u00e9n\u00e9es et ancien membre de l\u2019Ordre des Professeurs de Judo","og_url":"https:\/\/www.etam31.com\/index.php\/les-debuts\/","og_site_name":"ECOLE TOULOUSAINE D\u2019ARTS MARTIAUX","article_publisher":"https:\/\/fr-fr.facebook.com\/EcoleToulousaineArtsMartiaux31\/","article_modified_time":"2024-04-14T09:06:10+00:00","og_image":[{"url":"http:\/\/www.etam31.com\/wp-content\/uploads\/2023\/03\/image002-fleches2.png","type":"","width":"","height":""}],"twitter_card":"summary_large_image","twitter_misc":{"Dur\u00e9e de lecture estim\u00e9e":"2 minutes"},"schema":{"@context":"https:\/\/schema.org","@graph":[{"@type":"WebPage","@id":"https:\/\/www.etam31.com\/index.php\/les-debuts\/","url":"https:\/\/www.etam31.com\/index.php\/les-debuts\/","name":"Les d\u00e9buts","isPartOf":{"@id":"https:\/\/www.etam31.com\/#website"},"primaryImageOfPage":{"@id":"https:\/\/www.etam31.com\/index.php\/les-debuts\/#primaryimage"},"image":{"@id":"https:\/\/www.etam31.com\/index.php\/les-debuts\/#primaryimage"},"thumbnailUrl":"http:\/\/www.etam31.com\/wp-content\/uploads\/2023\/03\/image002-fleches2.png","datePublished":"2023-03-14T13:08:53+00:00","dateModified":"2024-04-14T09:06:10+00:00","description":"Les d\u00e9buts - cr\u00e9\u00e9e en 1962 par Ma\u00eetre Guiral fondateur de l'a\u00efkido en Midi-Pyr\u00e9n\u00e9es et ancien membre de l\u2019Ordre des Professeurs de Judo","breadcrumb":{"@id":"https:\/\/www.etam31.com\/index.php\/les-debuts\/#breadcrumb"},"inLanguage":"fr-FR","potentialAction":[{"@type":"ReadAction","target":["https:\/\/www.etam31.com\/index.php\/les-debuts\/"]}]},{"@type":"ImageObject","inLanguage":"fr-FR","@id":"https:\/\/www.etam31.com\/index.php\/les-debuts\/#primaryimage","url":"http:\/\/www.etam31.com\/wp-content\/uploads\/2023\/03\/image002-fleches2.png","contentUrl":"http:\/\/www.etam31.com\/wp-content\/uploads\/2023\/03\/image002-fleches2.png"},{"@type":"BreadcrumbList","@id":"https:\/\/www.etam31.com\/index.php\/les-debuts\/#breadcrumb","itemListElement":[{"@type":"ListItem","position":1,"name":"Accueil","item":"https:\/\/www.etam31.com\/"},{"@type":"ListItem","position":2,"name":"Les d\u00e9buts &#8230;"}]},{"@type":"WebSite","@id":"https:\/\/www.etam31.com\/#website","url":"https:\/\/www.etam31.com\/","name":"ECOLE TOULOUSAINE D\u2019ARTS MARTIAUX","description":"Plus d&#039;UN DEMI SI\u00c8CLE D\u2019EXISTENCE, LE PLUS ANCIEN CLUB D\u2019ARTS MARTIAUX TOULOUSAIN ...","publisher":{"@id":"https:\/\/www.etam31.com\/#organization"},"alternateName":"ETAM31","potentialAction":[{"@type":"SearchAction","target":{"@type":"EntryPoint","urlTemplate":"https:\/\/www.etam31.com\/?s={search_term_string}"},"query-input":{"@type":"PropertyValueSpecification","valueRequired":true,"valueName":"search_term_string"}}],"inLanguage":"fr-FR"},{"@type":"Organization","@id":"https:\/\/www.etam31.com\/#organization","name":"ECOLE TOULOUSAINE D\u2019ARTS MARTIAUX","alternateName":"ETAM","url":"https:\/\/www.etam31.com\/","logo":{"@type":"ImageObject","inLanguage":"fr-FR","@id":"https:\/\/www.etam31.com\/#\/schema\/logo\/image\/","url":"https:\/\/www.etam31.com\/wp-content\/uploads\/2023\/03\/logo.jpg","contentUrl":"https:\/\/www.etam31.com\/wp-content\/uploads\/2023\/03\/logo.jpg","width":955,"height":951,"caption":"ECOLE TOULOUSAINE D\u2019ARTS MARTIAUX"},"image":{"@id":"https:\/\/www.etam31.com\/#\/schema\/logo\/image\/"},"sameAs":["https:\/\/fr-fr.facebook.com\/EcoleToulousaineArtsMartiaux31\/"]}]}},"_links":{"self":[{"href":"https:\/\/www.etam31.com\/index.php\/wp-json\/wp\/v2\/pages\/116","targetHints":{"allow":["GET"]}}],"collection":[{"href":"https:\/\/www.etam31.com\/index.php\/wp-json\/wp\/v2\/pages"}],"about":[{"href":"https:\/\/www.etam31.com\/index.php\/wp-json\/wp\/v2\/types\/page"}],"author":[{"embeddable":true,"href":"https:\/\/www.etam31.com\/index.php\/wp-json\/wp\/v2\/users\/2"}],"replies":[{"embeddable":true,"href":"https:\/\/www.etam31.com\/index.php\/wp-json\/wp\/v2\/comments?post=116"}],"version-history":[{"count":3,"href":"https:\/\/www.etam31.com\/index.php\/wp-json\/wp\/v2\/pages\/116\/revisions"}],"predecessor-version":[{"id":260,"href":"https:\/\/www.etam31.com\/index.php\/wp-json\/wp\/v2\/pages\/116\/revisions\/260"}],"wp:attachment":[{"href":"https:\/\/www.etam31.com\/index.php\/wp-json\/wp\/v2\/media?parent=116"}],"curies":[{"name":"wp","href":"https:\/\/api.w.org\/{rel}","templated":true}]}}